{"id":3592,"date":"2026-01-16T14:26:00","date_gmt":"2026-01-16T13:26:00","guid":{"rendered":"https:\/\/www.tomik-toys.de\/tomik-toys\/uslugi\/"},"modified":"2026-01-20T17:04:20","modified_gmt":"2026-01-20T16:04:20","slug":"uslugi","status":"publish","type":"page","link":"https:\/\/www.tomik-toys.de\/pl\/tomik-toys\/uslugi\/","title":{"rendered":"Us\u0142ugi"},"content":{"rendered":"<div class=\"wpb-content-wrapper\">[vc_row wrap_container=&#8221;true&#8221; css=&#8221;.vc_custom_1576103966314{margin-top: 60px !important;}&#8221;][vc_column width=&#8221;1\/6&#8243;][\/vc_column][vc_column width=&#8221;2\/3&#8243;][vc_column_text]\n<h2 id=\"hersteller\" style=\"text-align: center;\">Us\u0142ugi dla producent\u00f3w<\/h2>\n[\/vc_column_text][vc_column_text el_class=&#8221;introduction&#8221;]Naszym celem jest wspieranie producent\u00f3w innowacyjnych, wysokiej jako\u015bci i atrakcyjnych produkt\u00f3w w pozyskiwaniu nowych klient\u00f3w oraz skutecznym wchodzeniu na nowe rynki.[\/vc_column_text][\/vc_column][vc_column width=&#8221;1\/6&#8243;][\/vc_column][\/vc_row][vc_row wrap_container=&#8221;true&#8221;][vc_column width=&#8221;1\/3&#8243;]<div class=\"icon-box font-awesome-icon   wpb_animate_when_almost_visible wpb_fadeIn fadeIn\" style=\"animation-delay: 0s;\"><div class=\"icon-box-inner content-bottom-algin\" style=\"background-color: #ffffff; padding: 5px 10px;\"><div class=\"icon-wrapper\"><i class=\" \" style=\"color: #000000;\"><\/i><\/div><div class=\"icon-box-content\">\n<h4 style=\"text-align: center; font-size: 16px; text-transform: uppercase; font-weight: 500; color: #222;\">Atrakcyjne prezentacje produkt\u00f3w<\/h4>\n<p style=\"text-align: center; color: #888;\">Dzi\u0119ki naszej szerokiej i silnej sieci niezawodnych partner\u00f3w handlowych umieszczamy Twoje produkty tam, gdzie klienci mog\u0105 je najlepiej znale\u017a\u0107. Mo\u017cemy samodzielnie zadba\u0107 o ich prezentacj\u0119 lub \u2013 w zale\u017cno\u015bci od preferencji \u2013 zorganizowa\u0107 spotkania z naszymi partnerami. Wsp\u00f3lnie z Tob\u0105 wprowadzimy produkty na rynek, niezale\u017cnie od tego, czy wybierzesz sklepy internetowe, hurtownie czy dyskonty.<\/p>\n<\/div><\/div><\/div>[\/vc_column][vc_column width=&#8221;1\/3&#8243;]<div class=\"icon-box font-awesome-icon   wpb_animate_when_almost_visible wpb_fadeIn fadeIn\" style=\"animation-delay: 0s;\"><div class=\"icon-box-inner content-bottom-algin\" style=\"background-color: #ffffff; padding: 5px 10px;\"><div class=\"icon-wrapper\"><i class=\" \" style=\"color: #000000;\"><\/i><\/div><div class=\"icon-box-content\">\n<h4 style=\"text-align: center; font-size: 16px; text-transform: uppercase; font-weight: 500; color: #222;\">INDYWIDUALNE, SZYBKIE I NIEZAWODNE WSPARCIE<\/h4>\n<p style=\"text-align: center; color: #888;\">Jako klient Tomik Toys otrzymujesz dedykowanego opiekuna, kt\u00f3ry kompetentnie wesprze Ci\u0119 w realizacji Twoich plan\u00f3w biznesowych. Zawsze dzia\u0142amy profesjonalnie i na zasadach partnerskich. Zale\u017cy nam na dzieleniu si\u0119 z Tob\u0105 szczerymi opiniami oraz rzetelnymi ocenami, poniewa\u017c wiemy, \u017ce tylko lojalna i uczciwa wsp\u00f3\u0142praca prowadzi do sukcesu.<\/p>\n<\/div><\/div><\/div>[\/vc_column][vc_column width=&#8221;1\/3&#8243;]<div class=\"icon-box font-awesome-icon   wpb_animate_when_almost_visible wpb_fadeIn fadeIn\" style=\"animation-delay: 0s;\"><div class=\"icon-box-inner content-bottom-algin\" style=\"background-color: #ffffff; padding: 5px 10px;\"><div class=\"icon-wrapper\"><i class=\" \" style=\"color: #000000;\"><\/i><\/div><div class=\"icon-box-content\">\n<h4 style=\"text-align: center; font-size: 16px; text-transform: uppercase; font-weight: 500; color: #222;\">PROFESJONALNE WSPARCIE W ZAKRESIE NORM I J\u0118ZYK\u00d3W<\/h4>\n<p style=\"text-align: center; color: #888;\">D\u0105\u017cenie do d\u0142ugoterminowego sukcesu na rynku niemieckim lub europejskim wi\u0105\u017ce si\u0119 z wieloma wyzwaniami i pu\u0142apkami, szczeg\u00f3lnie dla zagranicznych producent\u00f3w. Wynika to z licznych przepis\u00f3w i norm, kt\u00f3re nale\u017cy spe\u0142ni\u0107. Tomik Toys oferuje wieloletnie do\u015bwiadczenie w tym zakresie oraz doradztwo dotycz\u0105ce zgodno\u015bci z wymogami UE. Dodatkowo zapewniamy t\u0142umaczenia kart technicznych oraz instrukcji obs\u0142ugi.<\/p>\n<\/div><\/div><\/div>[\/vc_column][vc_column][\/vc_column][\/vc_row][vc_row wrap_container=&#8221;true&#8221; css=&#8221;.vc_custom_1576093331098{margin-bottom: 70px !important;}&#8221;][vc_column width=&#8221;1\/3&#8243;]<div class=\"icon-box font-awesome-icon   wpb_animate_when_almost_visible wpb_fadeIn fadeIn\" style=\"animation-delay: 0.4s;\"><div class=\"icon-box-inner content-bottom-algin\" style=\"background-color: #ffffff; padding: 5px 10px;\"><div class=\"icon-wrapper\"><i class=\" \" style=\"color: #000000;\"><\/i><\/div><div class=\"icon-box-content\">\n<h4 style=\"text-align: center; font-size: 16px; text-transform: uppercase; font-weight: 500; color: #222;\">Us\u0142ugi importowe<\/h4>\n<p style=\"text-align: center; color: #888;\">Oferujemy zar\u00f3wno kompleksowe pakiety bezproblemowej obs\u0142ugi, jak i pojedyncze, starannie dobrane us\u0142ugi zwi\u0105zane z importem. Zajmujemy si\u0119 niezb\u0119dn\u0105 dokumentacj\u0105 oraz odpraw\u0105 celn\u0105 i na bie\u017c\u0105co informujemy Ci\u0119 o ka\u017cdym etapie procesu.<\/p>\n<\/div><\/div><\/div>[\/vc_column][vc_column width=&#8221;1\/3&#8243;]<div class=\"icon-box font-awesome-icon   wpb_animate_when_almost_visible wpb_fadeIn fadeIn\" style=\"animation-delay: 0.4s;\"><div class=\"icon-box-inner content-bottom-algin\" style=\"background-color: #ffffff; padding: 5px 10px;\"><div class=\"icon-wrapper\"><i class=\" \" style=\"color: #000000;\"><\/i><\/div><div class=\"icon-box-content\">\n<h4 style=\"text-align: center; font-size: 16px; text-transform: uppercase; font-weight: 500; color: #222;\">Magazynowanie i logistyka<\/h4>\n<p style=\"text-align: center; color: #888;\">Zajmujemy si\u0119 wszystkimi zadaniami i obowi\u0105zkami zwi\u0105zanymi z logistyk\u0105, wysy\u0142k\u0105 oraz obs\u0142ug\u0105 zwrot\u00f3w. W naszym centrum logistycznym w Willich zapewniamy szybk\u0105 i terminow\u0105 realizacj\u0119 oraz dostawy dopasowane do indywidualnych potrzeb.<\/p>\n<\/div><\/div><\/div>[\/vc_column][vc_column width=&#8221;1\/3&#8243;]<div class=\"icon-box font-awesome-icon   wpb_animate_when_almost_visible wpb_fadeIn fadeIn\" style=\"animation-delay: 0.4s;\"><div class=\"icon-box-inner content-bottom-algin\" style=\"background-color: #ffffff; padding: 5px 10px;\"><div class=\"icon-wrapper\"><i class=\" \" style=\"color: #000000;\"><\/i><\/div><div class=\"icon-box-content\">\n<h4 style=\"text-align: center; font-size: 16px; text-transform: uppercase; font-weight: 500; color: #222;\">Zarz\u0105dzanie targami<\/h4>\n<p style=\"text-align: center; color: #888;\">Na \u017cyczenie ch\u0119tnie zorganizujemy i poprowadzimy dla Ciebie stoisko na wiod\u0105cych targach w Niemczech. Niezale\u017cnie od tego, czy b\u0119dzie to Mi\u0119dzynarodowe Targi Elektroniki (IFA) w Berlinie, czy Mi\u0119dzynarodowe Targi Zabawek w Norymberdze \u2013 zadbamy o profesjonaln\u0105 i sp\u00f3jn\u0105 prezentacj\u0119 Twojej marki.<\/p>\n<\/div><\/div><\/div>[\/vc_column][\/vc_row][vc_row css_animation=&#8221;fadeIn&#8221; css=&#8221;.vc_custom_1576184955616{border-top-width: 80px !important;border-bottom-width: 80px !important;}&#8221;][vc_column]<div class=\"image-slickslider  \" style=\"animation-delay: 1s;\"><div class=\"slider-inside\" data-view=\"6\" data-scroll=\"1\" data-speed=\"2000\" data-auto=\"true\" data-dots=\"false\" data-nav=\"false\" data-loop=\"false\"><div class=\"image-slider-item\"><img decoding=\"async\" src=\"https:\/\/www.tomik-toys.de\/wp-content\/uploads\/2026\/01\/fortnite-license.png\" alt=\"Carousel Image\"><\/div><div class=\"image-slider-item\"><img decoding=\"async\" src=\"https:\/\/www.tomik-toys.de\/wp-content\/uploads\/2026\/01\/pokemon_license-1.png\" alt=\"Carousel Image\"><\/div><div class=\"image-slider-item\"><img decoding=\"async\" src=\"https:\/\/www.tomik-toys.de\/wp-content\/uploads\/2026\/01\/playstation5_license.png\" alt=\"Carousel Image\"><\/div><div class=\"image-slider-item\"><img decoding=\"async\" src=\"https:\/\/www.tomik-toys.de\/wp-content\/uploads\/2026\/01\/nintendo-super-mario_license.png\" alt=\"Carousel Image\"><\/div><div class=\"image-slider-item\"><img decoding=\"async\" src=\"https:\/\/www.tomik-toys.de\/wp-content\/uploads\/2026\/01\/stranger-things_license.png\" alt=\"Carousel Image\"><\/div><div class=\"image-slider-item\"><img decoding=\"async\" src=\"https:\/\/www.tomik-toys.de\/wp-content\/uploads\/2026\/01\/paw-patrol_license.png\" alt=\"Carousel Image\"><\/div><div class=\"image-slider-item\"><img decoding=\"async\" src=\"https:\/\/www.tomik-toys.de\/wp-content\/uploads\/2026\/01\/barbie_license.png\" alt=\"Carousel Image\"><\/div><div class=\"image-slider-item\"><img decoding=\"async\" src=\"https:\/\/www.tomik-toys.de\/wp-content\/uploads\/2026\/01\/grinch_license.png\" alt=\"Carousel Image\"><\/div><div class=\"image-slider-item\"><img decoding=\"async\" src=\"https:\/\/www.tomik-toys.de\/wp-content\/uploads\/2026\/01\/harry-potter_license-1.png\" alt=\"Carousel Image\"><\/div><div class=\"image-slider-item\"><img decoding=\"async\" src=\"https:\/\/www.tomik-toys.de\/wp-content\/uploads\/2026\/01\/hello-kitty_license.png\" alt=\"Carousel Image\"><\/div><div class=\"image-slider-item\"><img decoding=\"async\" src=\"https:\/\/www.tomik-toys.de\/wp-content\/uploads\/2026\/01\/lilo-stitch_license.png\" alt=\"Carousel Image\"><\/div><div class=\"image-slider-item\"><img decoding=\"async\" src=\"https:\/\/www.tomik-toys.de\/wp-content\/uploads\/2026\/01\/spider-man_license.png\" alt=\"Carousel Image\"><\/div><div class=\"image-slider-item\"><img decoding=\"async\" src=\"https:\/\/www.tomik-toys.de\/wp-content\/uploads\/2026\/01\/minecraft_license.png\" alt=\"Carousel Image\"><\/div><div class=\"image-slider-item\"><img decoding=\"async\" src=\"https:\/\/www.tomik-toys.de\/wp-content\/uploads\/2026\/01\/frozen_license.png\" alt=\"Carousel Image\"><\/div><div class=\"image-slider-item\"><img decoding=\"async\" src=\"https:\/\/www.tomik-toys.de\/wp-content\/uploads\/2026\/01\/star-wars_license-1.png\" alt=\"Carousel Image\"><\/div><div class=\"image-slider-item\"><img decoding=\"async\" src=\"https:\/\/www.tomik-toys.de\/wp-content\/uploads\/2026\/01\/one-piece_license.webp\" alt=\"Carousel Image\"><\/div><div class=\"image-slider-item\"><img decoding=\"async\" src=\"https:\/\/www.tomik-toys.de\/wp-content\/uploads\/2026\/01\/marvel_license-1.png\" alt=\"Carousel Image\"><\/div><\/div><\/div>[\/vc_column][\/vc_row][vc_row wrap_container=&#8221;true&#8221; css=&#8221;.vc_custom_1576103966314{margin-top: 60px !important;}&#8221;][vc_column width=&#8221;1\/6&#8243;][\/vc_column][vc_column width=&#8221;2\/3&#8243;][vc_column_text css_animation=&#8221;fadeIn&#8221;]\n<h2 id=\"handelspartner\" style=\"text-align: center;\">Us\u0142ugi dla partner\u00f3w handlowych<\/h2>\n<p style=\"text-align: center; color: #777; font-size: 16px;\"><span style=\"color: #888888;\"><br \/>\n<span class=\"s1\"><br \/>\nPracuj\u0105c jako profesjonalny kupiec, niezawodny, elastyczny i innowacyjny partner dystrybucyjny jest niezb\u0119dny, aby m\u00f3c oferowa\u0107 klientom najlepsze mo\u017cliwe rozwi\u0105zania.<br \/>\n<\/span><br \/>\n<\/span><\/p>\n[\/vc_column_text][\/vc_column][vc_column width=&#8221;1\/6&#8243;][\/vc_column][\/vc_row][vc_row wrap_container=&#8221;true&#8221;][vc_column width=&#8221;1\/3&#8243;]<div class=\"icon-box font-awesome-icon   wpb_animate_when_almost_visible wpb_fadeIn fadeIn\" style=\"animation-delay: 0.2s;\"><div class=\"icon-box-inner content-bottom-algin\" style=\"background-color: #ffffff; padding: 5px 10px;\"><div class=\"icon-wrapper\"><i class=\" \" style=\"color: #000000;\"><\/i><\/div><div class=\"icon-box-content\">\n<h4 style=\"text-align: center; font-size: 16px; text-transform: uppercase; font-weight: 500; color: #222;\">ZR\u00d3\u017bNICOWANE I INNOWACYJNE PORTFOLIO PRODUKT\u00d3W<\/h4>\n<p style=\"text-align: center; color: #888;\">Specjalizujemy si\u0119 w produktach elektronicznych oraz lifestyle\u2019owych. Tworz\u0105c nasze portfolio, dbamy o atrakcyjn\u0105 i zr\u00f3\u017cnicowan\u0105 ofert\u0119, opart\u0105 na znanych i cenionych markach takich jak Paladone, Kodak czy Bestway. Ponadto nieustannie monitorujemy rynek w poszukiwaniu nowych, interesuj\u0105cych i obiecuj\u0105cych producent\u00f3w. W obszarze licencji stawiamy r\u00f3wnie\u017c na silne franczyzy, takie jak Disneys Frozen, Star Wars czy Psi Patrol, jednocze\u015bnie pozostaj\u0105c otwartymi na nowe trendy i inspiracje.<\/p>\n<\/div><\/div><\/div>[\/vc_column][vc_column width=&#8221;1\/3&#8243;]<div class=\"icon-box font-awesome-icon   wpb_animate_when_almost_visible wpb_fadeIn fadeIn\" style=\"animation-delay: 0.2s;\"><div class=\"icon-box-inner content-bottom-algin\" style=\"background-color: #ffffff; padding: 5px 10px;\"><div class=\"icon-wrapper\"><i class=\" \" style=\"color: #000000;\"><\/i><\/div><div class=\"icon-box-content\">\n<h4 style=\"text-align: center; font-size: 16px; text-transform: uppercase; font-weight: 500; color: #222;\">INDYWIDUALNE ROZWI\u0104ZANIA DLA FIRM KA\u017bDEJ WIELKO\u015aCI<\/h4>\n<p style=\"text-align: center; color: #888;\">Niezale\u017cnie od tego, czy realizujesz pojedyncze zam\u00f3wienia zakupowe, czy planujesz dystrybucj\u0119 swoich produkt\u00f3w w sklepach na terenie ca\u0142ej Europy \u2013 wsp\u00f3lnie z Tob\u0105 opracujemy rozwi\u0105zania dopasowane do ka\u017cdego kolejnego etapu rozwoju Twojego biznesu, tak aby Twoja firma, a przede wszystkim Twoi klienci, byli zadowoleni i usatysfakcjonowani. Zale\u017cy nam na dzia\u0142aniu zgodnym z Twoimi oczekiwaniami i wytycznymi, m.in. w zakresie termin\u00f3w dostaw, sortowania czy pakowania produkt\u00f3w.<\/p>\n<\/div><\/div><\/div>[\/vc_column][vc_column width=&#8221;1\/3&#8243;]<div class=\"icon-box font-awesome-icon   wpb_animate_when_almost_visible wpb_fadeIn fadeIn\" style=\"animation-delay: 0.2s;\"><div class=\"icon-box-inner content-bottom-algin\" style=\"background-color: #ffffff; padding: 5px 10px;\"><div class=\"icon-wrapper\"><i class=\" \" style=\"color: #000000;\"><\/i><\/div><div class=\"icon-box-content\">\n<h4 style=\"text-align: center; font-size: 16px; text-transform: uppercase; font-weight: 500; color: #222;\">MARKETING MAKSYMALIZUJ\u0104CY UWAG\u0118<\/h4>\n<p style=\"text-align: center; color: #888;\">Eksponowane pozycjonowanie w mediach reklamowych lub kampanie POS mog\u0105 znacz\u0105co zwi\u0119kszy\u0107 widoczno\u015b\u0107 i rozpoznawalno\u015b\u0107 Twojego produktu, a tym samym podnie\u015b\u0107 jego sprzeda\u017c. Oferujemy atrakcyjne akcje promocyjne oraz wsparcie w odpowiednim umiejscowieniu i prezentacji produktu w wybranym przez Ciebie otoczeniu sprzeda\u017cowym. We wsp\u00f3\u0142pracy z producentami mo\u017cemy r\u00f3wnie\u017c skoordynowa\u0107 specjalne opakowania lub ekspozytory POS zgodnie z Twoimi oczekiwaniami.<\/p>\n<\/div><\/div><\/div>[\/vc_column][\/vc_row][vc_row wrap_container=&#8221;true&#8221; css=&#8221;.vc_custom_1576093383432{margin-bottom: 20px !important;}&#8221;][vc_column width=&#8221;1\/3&#8243;]<div class=\"icon-box font-awesome-icon   wpb_animate_when_almost_visible wpb_fadeIn fadeIn\" style=\"animation-delay: 0.4s;\"><div class=\"icon-box-inner content-bottom-algin\" style=\"background-color: #ffffff; padding: 5px 10px;\"><div class=\"icon-wrapper\"><i class=\" \" style=\"color: #000000;\"><\/i><\/div><div class=\"icon-box-content\">\n<h4 style=\"text-align: center; font-size: 16px; text-transform: uppercase; font-weight: 500; color: #222;\">INDYWIDUALNE WSPARCIE<\/h4>\n<p style=\"text-align: center; color: #888;\">Wsp\u00f3\u0142pracuj\u0105c z Tomik Toys, gwarantujemy Ci sta\u0142y kontakt z dedykowanym opiekunem, kt\u00f3ry b\u0119dzie towarzyszy\u0142 Twoim projektom od pierwszego spotkania a\u017c po ich pe\u0142n\u0105 realizacj\u0119. Nasze wieloletnie do\u015bwiadczenie techniczne i handlowe na rynku przyniesie realne korzy\u015bci Twoim produktom, umo\u017cliwiaj\u0105c wsp\u00f3lne wyznaczanie i kszta\u0142towanie nowych trend\u00f3w.<\/p>\n<\/div><\/div><\/div>[\/vc_column][vc_column width=&#8221;1\/3&#8243;]<div class=\"icon-box font-awesome-icon   wpb_animate_when_almost_visible wpb_fadeIn fadeIn\" style=\"animation-delay: 0.4s;\"><div class=\"icon-box-inner content-bottom-algin\" style=\"background-color: #ffffff; padding: 5px 10px;\"><div class=\"icon-wrapper\"><i class=\" \" style=\"color: #000000;\"><\/i><\/div><div class=\"icon-box-content\">\n<h4 style=\"text-align: center; font-size: 16px; text-transform: uppercase; font-weight: 500; color: #222;\">W\u0141ASNY MAGAZYN FIRMOWY<\/h4>\n<p style=\"text-align: center; color: #888;\">Jeste\u015bmy dumni z posiadania w\u0142asnego, firmowego magazynu w Willich, kt\u00f3ry umo\u017cliwia nam szybkie i elastyczne dzia\u0142ania, zawsze zgodnie z Twoimi oczekiwaniami. Zajmujemy si\u0119 pakowaniem oraz wysy\u0142k\u0105 zam\u00f3wie\u0144, w tym realizacj\u0105 specjalnych za\u0142adunk\u00f3w, indywidualnie projektowanych etykiet czy \u2013 na \u017cyczenie \u2013 dostaw ekspresowych w ci\u0105gu 24 godzin.<\/p>\n<\/div><\/div><\/div>[\/vc_column][vc_column width=&#8221;1\/3&#8243;]<div class=\"icon-box font-awesome-icon   wpb_animate_when_almost_visible wpb_fadeIn fadeIn\" style=\"animation-delay: 0.4s;\"><div class=\"icon-box-inner content-bottom-algin\" style=\"background-color: #ffffff; padding: 5px 10px;\"><div class=\"icon-wrapper\"><i class=\" \" style=\"color: #000000;\"><\/i><\/div><div class=\"icon-box-content\">\n<h4 style=\"text-align: center; font-size: 16px; text-transform: uppercase; font-weight: 500; color: #222;\">PRODUKTY NA ZAM\u00d3WIENIE<\/h4>\n<p style=\"text-align: center; color: #888;\">Dzi\u0119ki bezpo\u015brednim relacjom z naszymi popularnymi i renomowanymi producentami mo\u017cemy realizowa\u0107 specjalne, indywidualnie dopasowane produkty. Oferujemy mo\u017cliwo\u015b\u0107 modyfikacji kolorystyki produkt\u00f3w, zmiany etykiet lub opakowa\u0144, a tak\u017ce opracowania licencjonowanych produkt\u00f3w projektowanych na zam\u00f3wienie \u2013 zgodnie z Twoimi oczekiwaniami.<\/p>\n<\/div><\/div><\/div>[\/vc_column][\/vc_row][vc_column][\/vc_column][vc_row css_animation=&#8221;fadeInUp&#8221; wrap_container=&#8221;true&#8221; css=&#8221;.vc_custom_1498119581766{background-color: #00ace9 !important;}&#8221;][vc_column][vc_column_text css=&#8221;.vc_custom_1768914338281{margin-bottom: 0px !important;padding-top: 80px !important;padding-bottom: 80px !important;}&#8221;]\n<p style=\"text-align: center; color: #fff; font-size: 24px; font-weight: 500; margin: 0;\">Zainteresowani wsp\u00f3\u0142prac\u0105 z nami?<\/p>\n<p>&nbsp;<\/p>\n<p style=\"text-align: center; color: #fff; font-size: 24px; font-weight: 500; margin: 0;\"><strong><br \/>\n<a style=\"color: #fff; font-weight: 600;\" href=\"https:\/\/www.tomik-toys.de\/pl\/kontakt\/\"><br \/>\n<u>Porozmawiajmy!<\/u><br \/>\n<\/a><br \/>\n<\/strong><\/p>\n[\/vc_column_text][\/vc_column][\/vc_row]\n<\/div>","protected":false},"excerpt":{"rendered":"<p>[vc_row wrap_container=&#8221;true&#8221; css=&#8221;.vc_custom_1576103966314{margin-top: 60px !important;}&#8221;][vc_column width=&#8221;1\/6&#8243;][\/vc_column][vc_column width=&#8221;2\/3&#8243;][vc_column_text] Us\u0142ugi dla producent\u00f3w [\/vc_column_text][vc_column_text el_class=&#8221;introduction&#8221;]Naszym celem jest wspieranie producent\u00f3w innowacyjnych, wysokiej jako\u015bci i atrakcyjnych produkt\u00f3w w pozyskiwaniu nowych klient\u00f3w oraz skutecznym wchodzeniu na nowe rynki.[\/vc_column_text][\/vc_column][vc_column width=&#8221;1\/6&#8243;][\/vc_column][\/vc_row][vc_row wrap_container=&#8221;true&#8221;][vc_column width=&#8221;1\/3&#8243;][\/vc_column][vc_column width=&#8221;1\/3&#8243;][\/vc_column][vc_column width=&#8221;1\/3&#8243;][\/vc_column][vc_column][\/vc_column][\/vc_row][vc_row wrap_container=&#8221;true&#8221; css=&#8221;.vc_custom_1576093331098{margin-bottom: 70px !important;}&#8221;][vc_column width=&#8221;1\/3&#8243;][\/vc_column][vc_column width=&#8221;1\/3&#8243;][\/vc_column][vc_column width=&#8221;1\/3&#8243;][\/vc_column][\/vc_row][vc_row css_animation=&#8221;fadeIn&#8221; css=&#8221;.vc_custom_1576184955616{border-top-width: 80px !important;border-bottom-width: 80px !important;}&#8221;][vc_column][\/vc_column][\/vc_row][vc_row wrap_container=&#8221;true&#8221; css=&#8221;.vc_custom_1576103966314{margin-top: 60px !important;}&#8221;][vc_column width=&#8221;1\/6&#8243;][\/vc_column][vc_column [&hellip;]<\/p>\n","protected":false},"author":1,"featured_media":0,"parent":3575,"menu_order":0,"comment_status":"closed","ping_status":"closed","template":"","meta":{"_acf_changed":false,"footnotes":""},"class_list":["post-3592","page","type-page","status-publish","hentry"],"acf":[],"_links":{"self":[{"href":"https:\/\/www.tomik-toys.de\/pl\/wp-json\/wp\/v2\/pages\/3592","targetHints":{"allow":["GET"]}}],"collection":[{"href":"https:\/\/www.tomik-toys.de\/pl\/wp-json\/wp\/v2\/pages"}],"about":[{"href":"https:\/\/www.tomik-toys.de\/pl\/wp-json\/wp\/v2\/types\/page"}],"author":[{"embeddable":true,"href":"https:\/\/www.tomik-toys.de\/pl\/wp-json\/wp\/v2\/users\/1"}],"replies":[{"embeddable":true,"href":"https:\/\/www.tomik-toys.de\/pl\/wp-json\/wp\/v2\/comments?post=3592"}],"version-history":[{"count":0,"href":"https:\/\/www.tomik-toys.de\/pl\/wp-json\/wp\/v2\/pages\/3592\/revisions"}],"up":[{"embeddable":true,"href":"https:\/\/www.tomik-toys.de\/pl\/wp-json\/wp\/v2\/pages\/3575"}],"wp:attachment":[{"href":"https:\/\/www.tomik-toys.de\/pl\/wp-json\/wp\/v2\/media?parent=3592"}],"curies":[{"name":"wp","href":"https:\/\/api.w.org\/{rel}","templated":true}]}}