{"id":3575,"date":"2026-01-16T14:16:30","date_gmt":"2026-01-16T13:16:30","guid":{"rendered":"https:\/\/www.tomik-toys.de\/tomik-toys\/"},"modified":"2026-02-02T21:45:18","modified_gmt":"2026-02-02T20:45:18","slug":"tomik-toys","status":"publish","type":"page","link":"https:\/\/www.tomik-toys.de\/pl\/tomik-toys\/","title":{"rendered":"Tomik Toys"},"content":{"rendered":"<div class=\"wpb-content-wrapper\">[vc_row wrap_container=&#8221;true&#8221; css=&#8221;.vc_custom_1576103966314{margin-top: 60px !important;}&#8221;][vc_column width=&#8221;1\/6&#8243;][\/vc_column][vc_column width=&#8221;2\/3&#8243;][vc_column_text]\n<h2 style=\"text-align: center;\">Tomik Toys &#8211; Let&#8217;s play<\/h2>\n[\/vc_column_text][vc_column_text el_class=&#8221;introduction&#8221;]\n<p style=\"text-align: center;\"><span style=\"color: #808080;\">Kodak, Paladone, Star Wars czy Disneys Frozen \u2013 jako firma importowa i hurtowa zarz\u0105dzana przez w\u0142a\u015bcicieli, z powodzeniem wprowadzamy na rynek zabawki, produkty elektroniczne, outdoorowe oraz lifestyle\u2019owe, opieraj\u0105c si\u0119 na silnych markach i popularnych licencjach. Profesjonalizm, odpowiedzialno\u015b\u0107 oraz elastyczne rozwi\u0105zania stanowi\u0105 zawsze fundament naszej wsp\u00f3\u0142pracy z producentami i partnerami handlowymi.<br \/>\n<\/span><\/p>\n[\/vc_column_text][\/vc_column][vc_column width=&#8221;1\/6&#8243;][\/vc_column][\/vc_row][vc_row wrap_container=&#8221;true&#8221; css=&#8221;.vc_custom_1576103966314{margin-top: 60px !important;}&#8221;][vc_column width=&#8221;1\/6&#8243;][\/vc_column][vc_column width=&#8221;2\/3&#8243;][vc_column_text][\/vc_column_text][\/vc_column][vc_column width=&#8221;1\/6&#8243;][\/vc_column][\/vc_row][vc_row wrap_container=&#8221;true&#8221;][vc_column width=&#8221;1\/2&#8243;][vc_single_image image=&#8221;2261&#8243; img_size=&#8221;medium&#8221; alignment=&#8221;center&#8221;][vc_column_text]\n<h4 style=\"text-align: center;\"><strong>Michael Chrapek<\/strong><br \/>\nCEO i za\u0142o\u017cyciel<\/h4>\n<h4 style=\"text-align: center;\"><a href=\"https:\/\/www.linkedin.com\/in\/michael-chrapek-30b0951b3\/\" target=\"_blank\" rel=\"noopener\"><img loading=\"lazy\" decoding=\"async\" class=\"aligncenter size-thumbnail wp-image-2083\" src=\"https:\/\/www.tomik-toys.de\/wp-content\/uploads\/2020\/02\/linkedin-150x150.png\" alt=\"\" width=\"25\" height=\"25\" srcset=\"https:\/\/www.tomik-toys.de\/wp-content\/uploads\/2020\/02\/linkedin-150x150.png 150w, https:\/\/www.tomik-toys.de\/wp-content\/uploads\/2020\/02\/linkedin-42x42.png 42w, https:\/\/www.tomik-toys.de\/wp-content\/uploads\/2020\/02\/linkedin-24x24.png 24w, https:\/\/www.tomik-toys.de\/wp-content\/uploads\/2020\/02\/linkedin-36x36.png 36w, https:\/\/www.tomik-toys.de\/wp-content\/uploads\/2020\/02\/linkedin-48x48.png 48w, https:\/\/www.tomik-toys.de\/wp-content\/uploads\/2020\/02\/linkedin-100x100.png 100w, https:\/\/www.tomik-toys.de\/wp-content\/uploads\/2020\/02\/linkedin.png 225w\" sizes=\"auto, (max-width: 25px) 100vw, 25px\" \/><\/a><\/h4>\n[\/vc_column_text][\/vc_column][vc_column width=&#8221;1\/2&#8243;][vc_column_text]\n<blockquote>\n<h3 style=\"text-align: left;\"><span style=\"color: #808080;\"><br \/>\n\u201eOd ponad 20 lat pracuj\u0119 w bran\u017cy zabawkarskiej i wci\u0105\u017c nic nie sprawia mi wi\u0119kszej rado\u015bci ni\u017c widok u\u015bmiechni\u0119tych klient\u00f3w oraz zadowolonych partner\u00f3w handlowych. Chc\u0119, aby\u015bcie Pa\u0144stwo mogli korzysta\u0107 z naszego do\u015bwiadczenia oraz pasji do elektroniki, zabawek i wszelkiego rodzaju produkt\u00f3w outdoorowych.\u201d<br \/>\n<\/span><\/h3>\n<p>&nbsp;<\/p><\/blockquote>\n[\/vc_column_text][\/vc_column][\/vc_row][vc_row wrap_container=&#8221;true&#8221; css=&#8221;.vc_custom_1576103966314{margin-top: 60px !important;}&#8221;][vc_column width=&#8221;1\/6&#8243;][\/vc_column][vc_column width=&#8221;2\/3&#8243;][vc_column_text]\n<h2 style=\"text-align: center;\">Dyrektorzy dzia\u0142\u00f3w<\/h2>\n[\/vc_column_text][\/vc_column][vc_column width=&#8221;1\/6&#8243;][\/vc_column][\/vc_row][vc_row wrap_container=&#8221;true&#8221; css=&#8221;.vc_custom_1576760372627{margin-right: 20px !important;margin-left: 20px !important;}&#8221;][vc_column][vc_row_inner gap=&#8221;10&#8243; css=&#8221;.vc_custom_1576760703060{margin-right: 10px !important;margin-left: 10px !important;}&#8221;][vc_column_inner width=&#8221;1\/2&#8243; animation_delay=&#8221;1&#8243; css=&#8221;.vc_custom_1576760062362{margin-right: 20px !important;margin-left: 20px !important;}&#8221;][vc_single_image image=&#8221;2259&#8243; img_size=&#8221;medium&#8221; alignment=&#8221;center&#8221;][vc_column_text]\n<h4 style=\"text-align: center;\"><strong>Alexander Horn<\/strong><br \/>\nDyrektor sprzeda\u017cy<\/h4>\n<h4 style=\"text-align: center;\"><a href=\"https:\/\/www.linkedin.com\/in\/alexander-horn-01190972\/\" target=\"_blank\" rel=\"noopener\"><img loading=\"lazy\" decoding=\"async\" class=\"aligncenter size-thumbnail wp-image-2083\" src=\"https:\/\/www.tomik-toys.de\/wp-content\/uploads\/2020\/02\/linkedin-150x150.png\" alt=\"\" width=\"25\" height=\"25\" srcset=\"https:\/\/www.tomik-toys.de\/wp-content\/uploads\/2020\/02\/linkedin-150x150.png 150w, https:\/\/www.tomik-toys.de\/wp-content\/uploads\/2020\/02\/linkedin-42x42.png 42w, https:\/\/www.tomik-toys.de\/wp-content\/uploads\/2020\/02\/linkedin-24x24.png 24w, https:\/\/www.tomik-toys.de\/wp-content\/uploads\/2020\/02\/linkedin-36x36.png 36w, https:\/\/www.tomik-toys.de\/wp-content\/uploads\/2020\/02\/linkedin-48x48.png 48w, https:\/\/www.tomik-toys.de\/wp-content\/uploads\/2020\/02\/linkedin-100x100.png 100w, https:\/\/www.tomik-toys.de\/wp-content\/uploads\/2020\/02\/linkedin.png 225w\" sizes=\"auto, (max-width: 25px) 100vw, 25px\" \/><\/a><\/h4>\n[\/vc_column_text][\/vc_column_inner][vc_column_inner width=&#8221;1\/2&#8243; animation_delay=&#8221;1&#8243; css=&#8221;.vc_custom_1576760070304{margin-right: 20px !important;margin-left: 20px !important;}&#8221;][vc_single_image image=&#8221;2273&#8243; img_size=&#8221;medium&#8221; alignment=&#8221;center&#8221;][vc_column_text]\n<h4 style=\"text-align: center;\"><strong>Tobias\u00a0&#8220;Toby&#8221;\u00a0Henze<\/strong><br \/>\nDyrektor ds. e-commerce i marketingu<\/h4>\n<h4 style=\"text-align: center;\"><a href=\"https:\/\/www.linkedin.com\/in\/tobias-henze\/\" target=\"_blank\" rel=\"noopener\"><img loading=\"lazy\" decoding=\"async\" class=\"aligncenter size-thumbnail wp-image-2083\" src=\"https:\/\/www.tomik-toys.de\/wp-content\/uploads\/2020\/02\/linkedin-150x150.png\" alt=\"\" width=\"25\" height=\"25\" srcset=\"https:\/\/www.tomik-toys.de\/wp-content\/uploads\/2020\/02\/linkedin-150x150.png 150w, https:\/\/www.tomik-toys.de\/wp-content\/uploads\/2020\/02\/linkedin-42x42.png 42w, https:\/\/www.tomik-toys.de\/wp-content\/uploads\/2020\/02\/linkedin-24x24.png 24w, https:\/\/www.tomik-toys.de\/wp-content\/uploads\/2020\/02\/linkedin-36x36.png 36w, https:\/\/www.tomik-toys.de\/wp-content\/uploads\/2020\/02\/linkedin-48x48.png 48w, https:\/\/www.tomik-toys.de\/wp-content\/uploads\/2020\/02\/linkedin-100x100.png 100w, https:\/\/www.tomik-toys.de\/wp-content\/uploads\/2020\/02\/linkedin.png 225w\" sizes=\"auto, (max-width: 25px) 100vw, 25px\" \/><\/a><\/h4>\n[\/vc_column_text][\/vc_column_inner][\/vc_row_inner][\/vc_column][\/vc_row][vc_row wrap_container=&#8221;true&#8221; css=&#8221;.vc_custom_1576103966314{margin-top: 60px !important;}&#8221;][vc_column width=&#8221;1\/6&#8243;][\/vc_column][vc_column width=&#8221;2\/3&#8243;][vc_column_text]\n<h2 style=\"text-align: center;\">Lokalizacje biznesowe<\/h2>\n[\/vc_column_text][\/vc_column][vc_column width=&#8221;1\/6&#8243;][\/vc_column][\/vc_row][vc_row wrap_container=&#8221;true&#8221; css=&#8221;.vc_custom_1576760372627{margin-right: 20px !important;margin-left: 20px !important;}&#8221;][vc_column][vc_row_inner gap=&#8221;10&#8243; css=&#8221;.vc_custom_1576760703060{margin-right: 10px !important;margin-left: 10px !important;}&#8221;][vc_column_inner width=&#8221;1\/3&#8243; animation_delay=&#8221;1&#8243; css=&#8221;.vc_custom_1576760062362{margin-right: 20px !important;margin-left: 20px !important;}&#8221;][vc_single_image image=&#8221;3020&#8243; alignment=&#8221;center&#8221;][vc_column_text]\n<h4 style=\"text-align: center;\"><strong>Velbert, Niemcy<\/strong><\/h4>\n[\/vc_column_text][vc_column_text]\n<p style=\"text-align: center;\"><span style=\"color: #808080;\">Zlokalizowana w Velbert siedziba g\u0142\u00f3wna Tomik Toys stanowi centralny punkt dzia\u0142\u00f3w administracji i finans\u00f3w. To tutaj zesp\u00f3\u0142 dba o profesjonalny i sprawny przebieg naszej codziennej dzia\u0142alno\u015bci.<br \/>\n<\/span><\/p>\n[\/vc_column_text][\/vc_column_inner][vc_column_inner width=&#8221;1\/3&#8243; animation_delay=&#8221;1&#8243; css=&#8221;.vc_custom_1576760070304{margin-right: 20px !important;margin-left: 20px !important;}&#8221;][vc_single_image image=&#8221;3266&#8243; alignment=&#8221;center&#8221;][vc_column_text]\n<h4 style=\"text-align: center;\"><strong>Willich, Niemcy<\/strong><\/h4>\n[\/vc_column_text][vc_column_text]\n<p style=\"text-align: center;\"><span style=\"color: #808080;\">Dzi\u0119ki showroomowi zlokalizowanemu w Willich, Tomik Toys oferuje centralne miejsce spotka\u0144 w samym sercu dynamicznego regionu gospodarczego Zag\u0142\u0119bia Ruhry. Dortmund, D\u00fcsseldorf, Kolonia, a tak\u017ce Belgia, Luksemburg i Niderlandy znajduj\u0105 si\u0119 w bezpo\u015brednim s\u0105siedztwie, co czyni Willich jednym z kluczowych punkt\u00f3w w centrum Europy.<br \/>\n<\/span><\/p>\n[\/vc_column_text][\/vc_column_inner][vc_column_inner width=&#8221;1\/3&#8243;][vc_single_image image=&#8221;3022&#8243; alignment=&#8221;center&#8221;][vc_column_text]\n<h4 style=\"text-align: center;\"><strong>Krak\u00f3w, Polska<\/strong><\/h4>\n[\/vc_column_text][vc_column_text]\n<p style=\"text-align: center;\"><span style=\"color: #808080;\">Od samego pocz\u0105tku biuro Tomik Toys GmbH w Krakowie pe\u0142ni funkcj\u0119 bramy do rynku Europy Wschodniej i otworzy\u0142o wiele mo\u017cliwo\u015bci w rozwoju wsp\u00f3\u0142pracy biznesowej z krajami ba\u0142tyckimi.<br \/>\n<\/span><\/p>\n[\/vc_column_text][\/vc_column_inner][\/vc_row_inner][\/vc_column][\/vc_row]\n<\/div>","protected":false},"excerpt":{"rendered":"<p>[vc_row wrap_container=&#8221;true&#8221; css=&#8221;.vc_custom_1576103966314{margin-top: 60px !important;}&#8221;][vc_column width=&#8221;1\/6&#8243;][\/vc_column][vc_column width=&#8221;2\/3&#8243;][vc_column_text] Tomik Toys &#8211; Let&#8217;s play [\/vc_column_text][vc_column_text el_class=&#8221;introduction&#8221;] Kodak, Paladone, Star Wars czy Disneys Frozen \u2013 jako firma importowa i hurtowa zarz\u0105dzana przez w\u0142a\u015bcicieli, z powodzeniem wprowadzamy na rynek zabawki, produkty elektroniczne, outdoorowe oraz lifestyle\u2019owe, opieraj\u0105c si\u0119 na silnych markach i popularnych licencjach. Profesjonalizm, odpowiedzialno\u015b\u0107 oraz elastyczne rozwi\u0105zania stanowi\u0105 [&hellip;]<\/p>\n","protected":false},"author":1,"featured_media":0,"parent":0,"menu_order":0,"comment_status":"closed","ping_status":"closed","template":"","meta":{"_acf_changed":false,"footnotes":""},"class_list":["post-3575","page","type-page","status-publish","hentry"],"acf":[],"_links":{"self":[{"href":"https:\/\/www.tomik-toys.de\/pl\/wp-json\/wp\/v2\/pages\/3575","targetHints":{"allow":["GET"]}}],"collection":[{"href":"https:\/\/www.tomik-toys.de\/pl\/wp-json\/wp\/v2\/pages"}],"about":[{"href":"https:\/\/www.tomik-toys.de\/pl\/wp-json\/wp\/v2\/types\/page"}],"author":[{"embeddable":true,"href":"https:\/\/www.tomik-toys.de\/pl\/wp-json\/wp\/v2\/users\/1"}],"replies":[{"embeddable":true,"href":"https:\/\/www.tomik-toys.de\/pl\/wp-json\/wp\/v2\/comments?post=3575"}],"version-history":[{"count":2,"href":"https:\/\/www.tomik-toys.de\/pl\/wp-json\/wp\/v2\/pages\/3575\/revisions"}],"predecessor-version":[{"id":3695,"href":"https:\/\/www.tomik-toys.de\/pl\/wp-json\/wp\/v2\/pages\/3575\/revisions\/3695"}],"wp:attachment":[{"href":"https:\/\/www.tomik-toys.de\/pl\/wp-json\/wp\/v2\/media?parent=3575"}],"curies":[{"name":"wp","href":"https:\/\/api.w.org\/{rel}","templated":true}]}}