{"id":3552,"date":"2026-01-16T14:06:04","date_gmt":"2026-01-16T13:06:04","guid":{"rendered":"https:\/\/www.tomik-toys.de\/marki\/"},"modified":"2026-01-21T11:39:40","modified_gmt":"2026-01-21T10:39:40","slug":"marki","status":"publish","type":"page","link":"https:\/\/www.tomik-toys.de\/pl\/marki\/","title":{"rendered":"Marki"},"content":{"rendered":"<div class=\"wpb-content-wrapper\">[vc_row wrap_container=&#8221;true&#8221; css=&#8221;.vc_custom_1576103966314{margin-top: 60px !important;}&#8221;][vc_column width=&#8221;1\/6&#8243;][\/vc_column][vc_column width=&#8221;2\/3&#8243;][vc_column_text]\n<h2 style=\"text-align: center;\">Marki<\/h2>\n[\/vc_column_text][vc_column_text el_class=&#8221;introduction&#8221;]Silne marki redukuj\u0105 z\u0142o\u017cono\u015b\u0107 przesyconego rynku i u\u0142atwiaj\u0105 klientom podejmowanie decyzji zakupowych. Dlatego Tomik Toys wsp\u00f3\u0142pracuje z najbardziej rozpoznawalnymi markami z bran\u017cy elektroniki u\u017cytkowej i rozrywki, jednocze\u015bnie stale poszukuj\u0105c nowych i obiecuj\u0105cych firm.[\/vc_column_text][\/vc_column][vc_column width=&#8221;1\/6&#8243;][\/vc_column][\/vc_row][vc_row wrap_container=&#8221;true&#8221;][vc_column][vc_images_carousel images=&#8221;3561,3566,3567,3287,3289,3565,3291,3068,3293,3568,3562,3462,3295&#8243; img_size=&#8221;full&#8221; onclick=&#8221;custom_link&#8221; speed=&#8221;2000&#8243; slides_per_view=&#8221;6&#8243; autoplay=&#8221;yes&#8221; hide_pagination_control=&#8221;yes&#8221; wrap=&#8221;yes&#8221; custom_links=&#8221;#agfaphoto,#bestway,#ekids,#fizzcreations,#hp,#intex,#jbl,#kodak,#ngear,#noblecollection,#otl,#paladone,#wecool&#8221;][\/vc_column][\/vc_row][vc_row css_animation=&#8221;fadeIn&#8221; wrap_container=&#8221;true&#8221; css=&#8221;.vc_custom_1648139691042{background-color: #f3f2ee !important;}&#8221; el_id=&#8221;agfaphoto&#8221;][vc_column][vc_row_inner][vc_column_inner width=&#8221;1\/2&#8243; animation_delay=&#8221;1&#8243; css=&#8221;.vc_custom_1576100850185{margin-top: 35px !important;}&#8221;][vc_single_image image=&#8221;3560&#8243; img_size=&#8221;full&#8221;][\/vc_column_inner][vc_column_inner width=&#8221;1\/2&#8243; animation_delay=&#8221;1&#8243; css=&#8221;.vc_custom_1576102142676{margin-top: 35px !important;}&#8221;][vc_column_text]\n<h2>AgfaPhoto<\/h2>\n[\/vc_column_text][vc_column_text el_class=&#8221;description-left&#8221;]Od 1867 roku AgfaPhoto nieprzerwanie wprowadza innowacje w dziedzinie produkt\u00f3w obrazowania konsumenckiego na ca\u0142ym \u015bwiecie i jest jednym z pionier\u00f3w nowoczesnej fotografii. Obecnie marka rozwija produkty umo\u017cliwiaj\u0105ce rejestrowanie, drukowanie, przechowywanie i udost\u0119pnianie zdj\u0119\u0107 oraz wspomnie\u0144, pomagaj\u0105c ludziom dzieli\u0107 si\u0119 ma\u0142ymi chwilami, kt\u00f3re czyni\u0105 \u017cycie wyj\u0105tkowym.[\/vc_column_text][vc_column_text]<a href=\"https:\/\/www.agfa.com\/\" target=\"_blank\" rel=\"noopener noreferrer\">Odwied\u017a stron\u0119 internetow\u0105<br \/>\n<\/a>[\/vc_column_text][\/vc_column_inner][\/vc_row_inner][\/vc_column][\/vc_row][vc_row css_animation=&#8221;fadeIn&#8221; wrap_container=&#8221;true&#8221; css=&#8221;.vc_custom_1768300598896{background-color: #ffffff !important;}&#8221; el_id=&#8221;bestway&#8221;][vc_column][vc_row_inner][vc_column_inner width=&#8221;1\/2&#8243; animation_delay=&#8221;1&#8243; css=&#8221;.vc_custom_1576102142676{margin-top: 35px !important;}&#8221;][vc_column_text]\n<h2>Bestway<\/h2>\n[\/vc_column_text][vc_column_text el_class=&#8221;description-left&#8221;]Od ponad 25 lat firma Bestway jest znana z wysokiej jako\u015bci oraz innowacyjnych produkt\u00f3w rekreacyjnych i outdoorowych. Portfolio Bestway obejmuje ponad 1100 r\u00f3\u017cnych produkt\u00f3w, w tym baseny i spa naziemne, artyku\u0142y rekreacyjne i wypoczynkowe, sprz\u0119t sportowy oraz produkty kempingowe.[\/vc_column_text][vc_empty_space][vc_column_text]<a href=\"https:\/\/www.bestwaycorp.de\/\" target=\"_blank\" rel=\"noopener noreferrer\">Odwied\u017a stron\u0119 internetow\u0105<br \/>\n<\/a>[\/vc_column_text][\/vc_column_inner][vc_column_inner width=&#8221;1\/2&#8243; animation_delay=&#8221;1&#8243; css=&#8221;.vc_custom_1576100850185{margin-top: 35px !important;}&#8221;][vc_single_image image=&#8221;3053&#8243; img_size=&#8221;full&#8221;][\/vc_column_inner][\/vc_row_inner][\/vc_column][\/vc_row][vc_row css_animation=&#8221;fadeIn&#8221; wrap_container=&#8221;true&#8221; el_id=&#8221;ekids&#8221; css=&#8221;.vc_custom_1768301671027{background-color: #f3f2ee !important;}&#8221;][vc_column][vc_row_inner equal_height=&#8221;yes&#8221;][vc_column_inner width=&#8221;1\/2&#8243; animation_delay=&#8221;1&#8243; css=&#8221;.vc_custom_1576100857459{margin-top: 35px !important;}&#8221;][vc_single_image image=&#8221;3557&#8243; img_size=&#8221;full&#8221;][\/vc_column_inner][vc_column_inner width=&#8221;1\/2&#8243; animation_delay=&#8221;1&#8243; css=&#8221;.vc_custom_1576102142676{margin-top: 35px !important;}&#8221;][vc_column_text]\n<h2>eKids<\/h2>\n[\/vc_column_text][vc_column_text el_class=&#8221;description-left&#8221;]Disney\u2019s Frozen, Psi Patrol czy Star Wars \u2013 eKids wsp\u00f3\u0142pracuje z najpopularniejszymi markami, aby projektowa\u0107 i produkowa\u0107 produkty audio oraz rozrywkowe dla dzieci. Jako producent s\u0142uchawek, g\u0142o\u015bnik\u00f3w Bluetooth oraz system\u00f3w karaoke, eKids jest znany z wysokiej jako\u015bci wzornictwa i technologii dostosowanych do potrzeb najm\u0142odszych.[\/vc_column_text][vc_column_text]<a href=\"https:\/\/www.ekids.com\" target=\"_blank\" rel=\"noopener noreferrer\">Odwied\u017a stron\u0119 internetow\u0105<br \/>\n<\/a>[\/vc_column_text][\/vc_column_inner][\/vc_row_inner][\/vc_column][vc_column][\/vc_column][\/vc_row][vc_row css_animation=&#8221;fadeIn&#8221; wrap_container=&#8221;true&#8221; el_id=&#8221;fizzcreations&#8221;][vc_column][vc_row_inner equal_height=&#8221;yes&#8221;][vc_column_inner width=&#8221;1\/2&#8243; animation_delay=&#8221;1&#8243; css=&#8221;.vc_custom_1576102142676{margin-top: 35px !important;}&#8221;][vc_column_text]\n<h2>Fizz Creations<\/h2>\n[\/vc_column_text][vc_column_text el_class=&#8221;description-left&#8221;]B\u0105d\u017a fenomenalny! Niezale\u017cnie od tego, czy jest to maszyna do granity, czy znak LED \u2013 w Fizz Creations zabawa zawsze znajduje si\u0119 w centrum uwagi. Innowacyjne pomys\u0142y na prezenty, po\u0142\u0105czone z atrakcyjnymi licencjami, stanowi\u0105 trzon oferty produktowej.<\/p>\n[\/vc_column_text][vc_empty_space][vc_column_text]<a href=\"https:\/\/www.fizzcreations.com\" target=\"_blank\" rel=\"noopener noreferrer\">Odwied\u017a stron\u0119 internetow\u0105<\/a><\/p>\n<p><a href=\"https:\/\/www.fizzcreations.com\/2025-eu-catalogue\/\" target=\"_blank\" rel=\"noopener noreferrer\">Prosz\u0119 zapozna\u0107 si\u0119 z katalogiem<br \/>\n<\/a>[\/vc_column_text][\/vc_column_inner][vc_column_inner width=&#8221;1\/2&#8243; animation_delay=&#8221;1&#8243; css=&#8221;.vc_custom_1576100857459{margin-top: 35px !important;}&#8221;][vc_single_image image=&#8221;3301&#8243; img_size=&#8221;full&#8221;][\/vc_column_inner][\/vc_row_inner][\/vc_column][vc_column][\/vc_column][\/vc_row][vc_row css_animation=&#8221;fadeIn&#8221; wrap_container=&#8221;true&#8221; css=&#8221;.vc_custom_1768304179034{background-color: #f3f2ee !important;}&#8221; el_id=&#8221;hp&#8221;][vc_column][vc_row_inner equal_height=&#8221;yes&#8221;][vc_column_inner width=&#8221;1\/2&#8243; animation_delay=&#8221;1&#8243; css=&#8221;.vc_custom_1576100857459{margin-top: 35px !important;}&#8221;][vc_single_image image=&#8221;3318&#8243; img_size=&#8221;full&#8221;][\/vc_column_inner][vc_column_inner width=&#8221;1\/2&#8243; animation_delay=&#8221;1&#8243; css=&#8221;.vc_custom_1576102142676{margin-top: 35px !important;}&#8221;][vc_column_text]\n<h2>HP<\/h2>\n[\/vc_column_text][vc_column_text el_class=&#8221;description-left&#8221;]Wykorzystaj ka\u017cd\u0105 chwil\u0119 w pe\u0142ni: dzi\u0119ki produktom HP Sprocket mo\u017cesz uchwyci\u0107 wyj\u0105tkowe momenty i natychmiast je wydrukowa\u0107. Niezale\u017cnie od tego, czy jest to aparat natychmiastowy, kieszonkowa drukarka fotograficzna czy mobilna fotobudka, HP oferuje innowacyjne rozwi\u0105zania na przyj\u0119cia urodzinowe, wesela oraz codzienn\u0105 zabaw\u0119.[\/vc_column_text][vc_empty_space][vc_column_text]<a href=\"https:\/\/sprocketprinters.com\/\" target=\"_blank\" rel=\"noopener noreferrer\">Odwied\u017a stron\u0119 internetow\u0105<\/a>[\/vc_column_text][\/vc_column_inner][\/vc_row_inner][\/vc_column][vc_column][\/vc_column][\/vc_row][vc_row css_animation=&#8221;fadeIn&#8221; wrap_container=&#8221;true&#8221; el_id=&#8221;intex&#8221; css=&#8221;.vc_custom_1768304107124{background-color: #ffffff !important;}&#8221;][vc_column][vc_row_inner equal_height=&#8221;yes&#8221;][vc_column_inner width=&#8221;1\/2&#8243; animation_delay=&#8221;1&#8243; css=&#8221;.vc_custom_1576102142676{margin-top: 35px !important;}&#8221;][vc_column_text]\n<h2>Intex<\/h2>\n[\/vc_column_text][vc_column_text el_class=&#8221;description-left&#8221;]Wysokiej jako\u015bci produkty w przyst\u0119pnej cenie \u2013 z tego Intex s\u0142ynie od ponad 50 lat. Oferta marki obejmuje wygodne, bezpieczne i zapewniaj\u0105ce \u015bwietn\u0105 zabaw\u0119 produkty, takie jak materace dmuchane, baseny naziemne, spa, zabawki, meble, \u0142odzie i wiele innych.[\/vc_column_text][vc_empty_space][vc_column_text]<a href=\"https:\/\/intexcorp.com\/\" target=\"_blank\" rel=\"noopener noreferrer\">Odwied\u017a stron\u0119 internetow\u0105<\/a>[\/vc_column_text][\/vc_column_inner][vc_column_inner width=&#8221;1\/2&#8243; animation_delay=&#8221;1&#8243; css=&#8221;.vc_custom_1576100857459{margin-top: 35px !important;}&#8221;][vc_single_image image=&#8221;3306&#8243; img_size=&#8221;full&#8221;][\/vc_column_inner][\/vc_row_inner][\/vc_column][vc_column][\/vc_column][\/vc_row][vc_row css_animation=&#8221;fadeIn&#8221; wrap_container=&#8221;true&#8221; el_id=&#8221;jbl&#8221; css=&#8221;.vc_custom_1768304134099{background-color: #f3f2ee !important;}&#8221;][vc_column][vc_row_inner equal_height=&#8221;yes&#8221;][vc_column_inner width=&#8221;1\/2&#8243; animation_delay=&#8221;1&#8243; css=&#8221;.vc_custom_1576100857459{margin-top: 35px !important;}&#8221;][vc_single_image image=&#8221;3309&#8243; img_size=&#8221;full&#8221;][\/vc_column_inner][vc_column_inner width=&#8221;1\/2&#8243; animation_delay=&#8221;1&#8243; css=&#8221;.vc_custom_1576102142676{margin-top: 35px !important;}&#8221;][vc_column_text]\n<h2>JBL<\/h2>\n[\/vc_column_text][vc_column_text el_class=&#8221;description-left&#8221;]Podkr\u0119\u0107 g\u0142o\u015bno\u015b\u0107 i poczuj rytm: dzi\u0119ki wysokiej jako\u015bci produktom audio JBL mo\u017cesz nada\u0107 swojemu samochodowi pot\u0119\u017cne brzmieniowe ulepszenie. Subwoofery, g\u0142o\u015bniki i wzmacniacze zapewniaj\u0105 g\u0142\u0119boki bas oraz dynamiczne brzmienie o wyj\u0105tkowej jako\u015bci d\u017awi\u0119ku.[\/vc_column_text][vc_empty_space][vc_column_text]<a href=\"https:\/\/www.jbl.com\/car-marine\/\" target=\"_blank\" rel=\"noopener noreferrer\">Odwied\u017a stron\u0119 internetow\u0105<\/a>[\/vc_column_text][\/vc_column_inner][\/vc_row_inner][\/vc_column][vc_column][\/vc_column][\/vc_row][vc_row css_animation=&#8221;fadeIn&#8221; wrap_container=&#8221;true&#8221; el_id=&#8221;kodak&#8221;][vc_column][vc_row_inner][vc_column_inner width=&#8221;1\/2&#8243; animation_delay=&#8221;1&#8243; css=&#8221;.vc_custom_1576102142676{margin-top: 35px !important;}&#8221;][vc_column_text]\n<h2>Kodak<\/h2>\n[\/vc_column_text][vc_column_text el_class=&#8221;description-left&#8221;]Pierwszy aparat fotograficzny produkowany na masow\u0105 skal\u0119 czy pierwszy nowoczesny film kolorowy \u2013 KODAK to uznana marka w \u015bwiecie fotografii. Technologie opracowane przez firm\u0119 Eastman KODAK Company zmieni\u0142y ca\u0142e bran\u017ce i ukszta\u0142towa\u0142y kolejne pokolenia. R\u00f3wnie\u017c dzi\u015b KODAK jest znany z innowacyjnych, wysokiej jako\u015bci produkt\u00f3w, cenionych przez klient\u00f3w na ca\u0142ym \u015bwiecie.[\/vc_column_text][vc_column_text]<a href=\"https:\/\/www.kodakphotoplus.com\" target=\"_blank\" rel=\"noopener noreferrer\">Odwied\u017a stron\u0119 internetow\u0105<\/a>[\/vc_column_text][\/vc_column_inner][vc_column_inner width=&#8221;1\/2&#8243; animation_delay=&#8221;1&#8243; css=&#8221;.vc_custom_1576100850185{margin-top: 35px !important;}&#8221;][vc_single_image image=&#8221;3558&#8243; img_size=&#8221;full&#8221;][\/vc_column_inner][\/vc_row_inner][\/vc_column][\/vc_row][vc_row css_animation=&#8221;fadeIn&#8221; wrap_container=&#8221;true&#8221; css=&#8221;.vc_custom_1768306715929{background-color: #f3f2ee !important;}&#8221; el_id=&#8221;ngear&#8221;][vc_column][vc_row_inner equal_height=&#8221;yes&#8221;][vc_column_inner width=&#8221;1\/2&#8243; animation_delay=&#8221;1&#8243; css=&#8221;.vc_custom_1576100857459{margin-top: 35px !important;}&#8221;][vc_single_image image=&#8221;3322&#8243; img_size=&#8221;full&#8221;][\/vc_column_inner][vc_column_inner width=&#8221;1\/2&#8243; animation_delay=&#8221;1&#8243; css=&#8221;.vc_custom_1576102142676{margin-top: 35px !important;}&#8221;][vc_column_text]\n<h2>N-Gear<\/h2>\n[\/vc_column_text][vc_column_text el_class=&#8221;description-left&#8221;]N-Gear oferuje nowoczesne, mocne produkty audio w niezr\u00f3wnanych cenach. \u015awiec\u0105ce boomboksy i wydajne maszyny karaoke zapewniaj\u0105 idealne brzmienie na ka\u017cd\u0105 imprez\u0119![\/vc_column_text][vc_empty_space][vc_column_text]<a href=\"https:\/\/neeskens.nl\/\" target=\"_blank\" rel=\"noopener noreferrer\">Odwied\u017a stron\u0119 internetow\u0105<\/a>[\/vc_column_text][\/vc_column_inner][\/vc_row_inner][\/vc_column][vc_column][\/vc_column][\/vc_row][vc_row css_animation=&#8221;fadeIn&#8221; wrap_container=&#8221;true&#8221; el_id=&#8221;noblecollection&#8221;][vc_column][vc_row_inner equal_height=&#8221;yes&#8221;][vc_column_inner width=&#8221;1\/2&#8243; animation_delay=&#8221;1&#8243; css=&#8221;.vc_custom_1576102142676{margin-top: 35px !important;}&#8221;][vc_column_text]\n<h2>The Noble Collection<\/h2>\n[\/vc_column_text][vc_column_text el_class=&#8221;description-left&#8221;]Wysokiej jako\u015bci i klasyczne: The Noble Collection koncentruje si\u0119 na produktach najwy\u017cszej klasy oraz starannie wyselekcjonowanych licencjach. Od eleganckich zestaw\u00f3w szachowych \u201eW\u0142adcy Pier\u015bcieni\u201d po autentyczne repliki r\u00f3\u017cd\u017cek z uniwersum \u201eHarry\u2019ego Pottera\u201d \u2013 The Noble Collection zachwyca kolekcjoner\u00f3w i fan\u00f3w, kt\u00f3rzy oczekuj\u0105 absolutnie najlepszego.[\/vc_column_text][vc_empty_space][vc_column_text]<a href=\"https:\/\/www.noblecollection.com\/\" target=\"_blank\" rel=\"noopener noreferrer\">Odwied\u017a stron\u0119 internetow\u0105<\/a><\/p>\n<p><a href=\"https:\/\/www.noblecollection.com\/Interactive_Catalog\/Interactive-Catalog.html\" target=\"_blank\" rel=\"noopener noreferrer\">Prosz\u0119 zapozna\u0107 si\u0119 z katalogiem<\/a>[\/vc_column_text][\/vc_column_inner][vc_column_inner width=&#8221;1\/2&#8243; animation_delay=&#8221;1&#8243; css=&#8221;.vc_custom_1576100857459{margin-top: 35px !important;}&#8221;][vc_single_image image=&#8221;3426&#8243; img_size=&#8221;full&#8221;][\/vc_column_inner][\/vc_row_inner][\/vc_column][vc_column][\/vc_column][\/vc_row][vc_row css_animation=&#8221;fadeIn&#8221; wrap_container=&#8221;true&#8221; el_id=&#8221;otl&#8221; css=&#8221;.vc_custom_1768319267955{background-color: #f3f2ee !important;}&#8221;][vc_column][vc_row_inner equal_height=&#8221;yes&#8221;][vc_column_inner width=&#8221;1\/2&#8243; animation_delay=&#8221;1&#8243; css=&#8221;.vc_custom_1576100857459{margin-top: 35px !important;}&#8221;][vc_single_image image=&#8221;3325&#8243; img_size=&#8221;full&#8221;][\/vc_column_inner][vc_column_inner width=&#8221;1\/2&#8243; animation_delay=&#8221;1&#8243; css=&#8221;.vc_custom_1576102142676{margin-top: 35px !important;}&#8221;][vc_column_text]\n<h2>OTL Technologies<\/h2>\n[\/vc_column_text][vc_column_text el_class=&#8221;description-left&#8221;]OTL Technologies to synonim wysokiej jako\u015bci produkt\u00f3w audio dla dzieci i nastolatk\u00f3w. S\u0142uchawki gamingowe, s\u0142uchawki Bluetooth czy innowacyjne s\u0142uchawki typu opaska \u2013 OTL oferuje szerok\u0105 gam\u0119 przyjaznych dzieciom produkt\u00f3w z popularnymi licencjami, takimi jak Psi Patrol, Harry Potter czy \u015awinka Peppa.[\/vc_column_text][vc_empty_space][vc_column_text]<a href=\"https:\/\/www.otltechnologies.com\/\" target=\"_blank\" rel=\"noopener noreferrer\">Odwied\u017a stron\u0119 internetow\u0105<\/a>[\/vc_column_text][\/vc_column_inner][\/vc_row_inner][\/vc_column][vc_column][\/vc_column][\/vc_row][vc_row css_animation=&#8221;fadeIn&#8221; wrap_container=&#8221;true&#8221; css=&#8221;.vc_custom_1768319278458{background-color: #ffffff !important;}&#8221; el_id=&#8221;paladone&#8221;][vc_column][vc_row_inner][vc_column_inner width=&#8221;1\/2&#8243; animation_delay=&#8221;1&#8243; css=&#8221;.vc_custom_1576102142676{margin-top: 35px !important;}&#8221;][vc_column_text]\n<h2>Paladone<\/h2>\n[\/vc_column_text][vc_column_text el_class=&#8221;description-left&#8221;]Ogromna liczba wysokiej jako\u015bci produkt\u00f3w licencyjnych pozwoli\u0142a firmie Paladone dynamicznie rozwija\u0107 si\u0119 w latach 90. i sta\u0107 si\u0119 wiod\u0105cym dostawc\u0105 prezent\u00f3w i zabawek wsp\u00f3\u0142cze\u015bnie. Niezale\u017cnie od tego, czy jest to kubek Super Mario, lampka Playstation czy notatnik Harry\u2019ego Pottera \u2013 Paladone ma odpowiedni gad\u017cet dla ka\u017cdego geeka, fana i bohatera codzienno\u015bci.[\/vc_column_text][vc_column_text]<a href=\"https:\/\/paladone.com\/\" target=\"_blank\" rel=\"noopener noreferrer\">Odwied\u017a stron\u0119 internetow\u0105<\/a><\/p>\n<p><a href=\"https:\/\/paladone.com\/catalogue\/\" target=\"_blank\" rel=\"noopener noreferrer\">Prosz\u0119 zapozna\u0107 si\u0119 z katalogiem<br \/>\n<\/a>[\/vc_column_text][\/vc_column_inner][vc_column_inner width=&#8221;1\/2&#8243; animation_delay=&#8221;1&#8243; css=&#8221;.vc_custom_1576100850185{margin-top: 35px !important;}&#8221;][vc_single_image image=&#8221;3327&#8243; img_size=&#8221;full&#8221;][\/vc_column_inner][\/vc_row_inner][\/vc_column][\/vc_row][vc_row css_animation=&#8221;fadeIn&#8221; wrap_container=&#8221;true&#8221; el_id=&#8221;wecool&#8221; css=&#8221;.vc_custom_1768319305189{background-color: #f3f2ee !important;}&#8221;][vc_column][vc_row_inner equal_height=&#8221;yes&#8221;][vc_column_inner width=&#8221;1\/2&#8243; animation_delay=&#8221;1&#8243; css=&#8221;.vc_custom_1576100857459{margin-top: 35px !important;}&#8221;][vc_single_image image=&#8221;3330&#8243; img_size=&#8221;full&#8221;][\/vc_column_inner][vc_column_inner width=&#8221;1\/2&#8243; animation_delay=&#8221;1&#8243; css=&#8221;.vc_custom_1576102142676{margin-top: 35px !important;}&#8221;][vc_column_text]\n<h2>WeCool<\/h2>\n[\/vc_column_text][vc_column_text el_class=&#8221;description-left&#8221;]\n<div class=\"flex flex-col text-sm pb-25\">\n<article class=\"text-token-text-primary w-full focus:outline-none [--shadow-height:45px] has-data-writing-block:pointer-events-none has-data-writing-block:-mt-(--shadow-height) has-data-writing-block:pt-(--shadow-height) [&amp;:has([data-writing-block])&gt;*]:pointer-events-auto scroll-mt-[calc(var(--header-height)+min(200px,max(70px,20svh)))]\" dir=\"auto\" tabindex=\"-1\" data-turn-id=\"request-WEB:72efd8a2-2484-4bcc-b785-e7254c26c69a-15\" data-testid=\"conversation-turn-32\" data-scroll-anchor=\"true\" data-turn=\"assistant\">\n<div class=\"text-base my-auto mx-auto pb-10 [--thread-content-margin:--spacing(4)] @w-sm\/main:[--thread-content-margin:--spacing(6)] @w-lg\/main:[--thread-content-margin:--spacing(16)] px-(--thread-content-margin)\">\n<div class=\"[--thread-content-max-width:40rem] @w-lg\/main:[--thread-content-max-width:48rem] mx-auto max-w-(--thread-content-max-width) flex-1 group\/turn-messages focus-visible:outline-hidden relative flex w-full min-w-0 flex-col agent-turn\" tabindex=\"-1\">\n<div class=\"flex max-w-full flex-col grow\">\n<div class=\"min-h-8 text-message relative flex w-full flex-col items-end gap-2 text-start break-words whitespace-normal [.text-message+&amp;]:mt-1\" dir=\"auto\" data-message-author-role=\"assistant\" data-message-id=\"71aea976-2bed-46a1-819a-9a12a504e592\" data-message-model-slug=\"gpt-5-mini\">\n<div class=\"flex w-full flex-col gap-1 empty:hidden first:pt-[1px]\">\n<div class=\"markdown prose dark:prose-invert w-full break-words light markdown-new-styling\">\n<p data-start=\"0\" data-end=\"296\" data-is-last-node=\"\" data-is-only-node=\"\">Zabawki do piasku, przybory do rysowania, maszyny do robienia naklejek \u2013 WeCool to klasyczne zabawki w nowoczesnym wydaniu. Marka \u0142\u0105czy atrakcyjne licencje i aktualne trendy z dobrze znanymi klasykami zabawek, udowadniaj\u0105c, \u017ce nawet sprawdzone produkty wci\u0105\u017c potrafi\u0105 zachwyca\u0107 dzisiejsze dzieci.<\/p>\n<\/div>\n<\/div>\n<\/div>\n<\/div>\n<\/div>\n<\/div>\n<\/article>\n<\/div>\n[\/vc_column_text][vc_empty_space][vc_column_text]<a href=\"https:\/\/www.wecooltoys.com\/\" target=\"_blank\" rel=\"noopener noreferrer\">Odwied\u017a stron\u0119 internetow\u0105<br \/>\n<\/a><br \/>\n<a href=\"https:\/\/online.fliphtml5.com\/nmmq\/wecooltoys-int-catalogue-ss26\" target=\"_blank\" rel=\"noopener noreferrer\">Prosz\u0119 zapozna\u0107 si\u0119 z katalogiem<\/a>[\/vc_column_text][\/vc_column_inner][\/vc_row_inner][\/vc_column][vc_column][\/vc_column][\/vc_row][vc_row css_animation=&#8221;fadeInUp&#8221; wrap_container=&#8221;true&#8221; css=&#8221;.vc_custom_1498119581766{background-color: #00ace9 !important;}&#8221;][vc_column][vc_column_text css=&#8221;.vc_custom_1768914398854{margin-bottom: 0px !important;padding-top: 80px !important;padding-bottom: 80px !important;}&#8221;]\n<p style=\"text-align: center; color: #fff; font-size: 24px; font-weight: 500; margin: 0;\">Podekscytowany wszystkimi markami?<\/p>\n<p>&nbsp;<\/p>\n<p style=\"text-align: center; color: #fff; font-size: 24px; font-weight: 500; margin: 0;\"><span style=\"text-decoration: underline;\"><strong><a style=\"color: #ffffff; font-weight: 600; text-decoration: underline;\" href=\"https:\/\/www.tomik-toys.de\/pl\/kontakt\/\"><u>Porozmawiajmy o tym!<br \/>\n<\/u><\/a><\/strong><\/span><\/p>\n[\/vc_column_text][\/vc_column][\/vc_row]\n<\/div>","protected":false},"excerpt":{"rendered":"<p>[vc_row wrap_container=&#8221;true&#8221; css=&#8221;.vc_custom_1576103966314{margin-top: 60px !important;}&#8221;][vc_column width=&#8221;1\/6&#8243;][\/vc_column][vc_column width=&#8221;2\/3&#8243;][vc_column_text] Marki [\/vc_column_text][vc_column_text el_class=&#8221;introduction&#8221;]Silne marki redukuj\u0105 z\u0142o\u017cono\u015b\u0107 przesyconego rynku i u\u0142atwiaj\u0105 klientom podejmowanie decyzji zakupowych. Dlatego Tomik Toys wsp\u00f3\u0142pracuje z najbardziej rozpoznawalnymi markami z bran\u017cy elektroniki u\u017cytkowej i rozrywki, jednocze\u015bnie stale poszukuj\u0105c nowych i obiecuj\u0105cych firm.[\/vc_column_text][\/vc_column][vc_column width=&#8221;1\/6&#8243;][\/vc_column][\/vc_row][vc_row wrap_container=&#8221;true&#8221;][vc_column][vc_images_carousel images=&#8221;3561,3566,3567,3287,3289,3565,3291,3068,3293,3568,3562,3462,3295&#8243; img_size=&#8221;full&#8221; onclick=&#8221;custom_link&#8221; speed=&#8221;2000&#8243; slides_per_view=&#8221;6&#8243; autoplay=&#8221;yes&#8221; hide_pagination_control=&#8221;yes&#8221; wrap=&#8221;yes&#8221; custom_links=&#8221;#agfaphoto,#bestway,#ekids,#fizzcreations,#hp,#intex,#jbl,#kodak,#ngear,#noblecollection,#otl,#paladone,#wecool&#8221;][\/vc_column][\/vc_row][vc_row css_animation=&#8221;fadeIn&#8221; wrap_container=&#8221;true&#8221; [&hellip;]<\/p>\n","protected":false},"author":1,"featured_media":0,"parent":0,"menu_order":0,"comment_status":"closed","ping_status":"closed","template":"","meta":{"_acf_changed":false,"footnotes":""},"class_list":["post-3552","page","type-page","status-publish","hentry"],"acf":[],"_links":{"self":[{"href":"https:\/\/www.tomik-toys.de\/pl\/wp-json\/wp\/v2\/pages\/3552","targetHints":{"allow":["GET"]}}],"collection":[{"href":"https:\/\/www.tomik-toys.de\/pl\/wp-json\/wp\/v2\/pages"}],"about":[{"href":"https:\/\/www.tomik-toys.de\/pl\/wp-json\/wp\/v2\/types\/page"}],"author":[{"embeddable":true,"href":"https:\/\/www.tomik-toys.de\/pl\/wp-json\/wp\/v2\/users\/1"}],"replies":[{"embeddable":true,"href":"https:\/\/www.tomik-toys.de\/pl\/wp-json\/wp\/v2\/comments?post=3552"}],"version-history":[{"count":0,"href":"https:\/\/www.tomik-toys.de\/pl\/wp-json\/wp\/v2\/pages\/3552\/revisions"}],"wp:attachment":[{"href":"https:\/\/www.tomik-toys.de\/pl\/wp-json\/wp\/v2\/media?parent=3552"}],"curies":[{"name":"wp","href":"https:\/\/api.w.org\/{rel}","templated":true}]}}