{"id":3528,"date":"2026-01-16T14:00:54","date_gmt":"2026-01-16T13:00:54","guid":{"rendered":"https:\/\/www.tomik-toys.de\/licencje\/"},"modified":"2026-01-20T13:57:48","modified_gmt":"2026-01-20T12:57:48","slug":"licencje","status":"publish","type":"page","link":"https:\/\/www.tomik-toys.de\/pl\/licencje\/","title":{"rendered":"Licencje"},"content":{"rendered":"<div class=\"wpb-content-wrapper\">[vc_row wrap_container=&#8221;true&#8221; css=&#8221;.vc_custom_1576103966314{margin-top: 60px !important;}&#8221;][vc_column width=&#8221;1\/6&#8243;][\/vc_column][vc_column width=&#8221;2\/3&#8243;][vc_column_text]\n<h2 style=\"text-align: center;\">Licencje<\/h2>\n[\/vc_column_text][vc_column_text el_class=&#8221;introduction&#8221;]Superbohaterowie, ksi\u0119\u017cniczki oraz ulubieni bohaterowie film\u00f3w i telewizji zapewniaj\u0105 dodatkow\u0105 porcj\u0119 zabawy i motywacji na co dzie\u0144. Dzieci i m\u0142odzie\u017c szczeg\u00f3lnie mocno prze\u017cywaj\u0105 przygody swoich idoli i czerpi\u0105 rado\u015b\u0107 z licencjonowanych produkt\u00f3w \u2013 zar\u00f3wno w domu, jak i poza nim. Tomik Toys GmbH gromadzi w swoim portfolio produktowym atrakcyjne, rozpoznawalne licencje i nieustannie poszukuje nowych, inspiruj\u0105cych trend\u00f3w.[\/vc_column_text][\/vc_column][vc_column width=&#8221;1\/6&#8243;][\/vc_column][\/vc_row][vc_row css=&#8221;.vc_custom_1576174090137{margin-right: 15px !important;margin-bottom: 40px !important;margin-left: 15px !important;}&#8221;][vc_column][vc_row_inner equal_height=&#8221;yes&#8221;][vc_column_inner width=&#8221;1\/4&#8243; animation_delay=&#8221;1&#8243; css=&#8221;.vc_custom_1580041166357{margin-right: 10px !important;margin-left: 10px !important;padding-top: 0px !important;padding-right: 0px !important;padding-left: 0px !important;background-color: #f9f6f3 !important;}&#8221;][vc_single_image image=&#8221;3375&#8243; img_size=&#8221;full&#8221; alignment=&#8221;center&#8221; css=&#8221;.vc_custom_1768312196179{margin-bottom: 40px !important;}&#8221;][vc_column_text css=&#8221;.vc_custom_1768312862895{margin-right: 20px !important;margin-left: 20px !important;}&#8221;]\n<h3 style=\"text-align: center;\">Minecraft<\/h3>\n[\/vc_column_text][\/vc_column_inner][vc_column_inner width=&#8221;1\/4&#8243; animation_delay=&#8221;1&#8243; css=&#8221;.vc_custom_1768310741976{margin-right: 10px !important;margin-left: 10px !important;padding-top: 0px !important;padding-right: 0px !important;padding-left: 0px !important;background-color: #f9f6f3 !important;}&#8221;][vc_single_image image=&#8221;3379&#8243; img_size=&#8221;full&#8221; alignment=&#8221;center&#8221; css=&#8221;.vc_custom_1768312684019{margin-bottom: 40px !important;}&#8221;][vc_column_text css=&#8221;.vc_custom_1768317176038{margin-right: 20px !important;margin-left: 20px !important;}&#8221;]\n<div>\n<h3 style=\"text-align: center;\">Netflix Stranger Things<\/h3>\n<\/div>\n[\/vc_column_text][\/vc_column_inner][vc_column_inner width=&#8221;1\/4&#8243; animation_delay=&#8221;1&#8243; css=&#8221;.vc_custom_1580041172724{margin-right: 10px !important;margin-left: 10px !important;padding-top: 0px !important;padding-right: 0px !important;padding-left: 0px !important;background-color: #f9f6f3 !important;}&#8221;][vc_single_image image=&#8221;3349&#8243; img_size=&#8221;full&#8221; alignment=&#8221;center&#8221; css=&#8221;.vc_custom_1768310264852{margin-bottom: 40px !important;}&#8221;][vc_column_text css=&#8221;.vc_custom_1768312875749{margin-right: 20px !important;margin-left: 20px !important;}&#8221;]\n<div>\n<h3 style=\"text-align: center;\">Pok\u00e9mon<\/h3>\n<\/div>\n[\/vc_column_text][\/vc_column_inner][vc_column_inner width=&#8221;1\/4&#8243; animation_delay=&#8221;1&#8243; css=&#8221;.vc_custom_1768310722478{margin-right: 10px !important;margin-left: 10px !important;padding-top: 0px !important;padding-right: 0px !important;padding-left: 0px !important;background-color: #f9f6f3 !important;}&#8221;][vc_single_image image=&#8221;3356&#8243; img_size=&#8221;full&#8221; alignment=&#8221;center&#8221; css=&#8221;.vc_custom_1768310282561{margin-bottom: 40px !important;}&#8221;][vc_column_text css=&#8221;.vc_custom_1768309755213{margin-right: 20px !important;margin-left: 20px !important;}&#8221;]\n<div>\n<h3 style=\"text-align: center;\">Harry Potter<\/h3>\n<\/div>\n[\/vc_column_text][\/vc_column_inner][\/vc_row_inner][\/vc_column][\/vc_row][vc_row css=&#8221;.vc_custom_1576174090137{margin-right: 15px !important;margin-bottom: 40px !important;margin-left: 15px !important;}&#8221;][vc_column][vc_row_inner equal_height=&#8221;yes&#8221;][vc_column_inner width=&#8221;1\/3&#8243; animation_delay=&#8221;1&#8243; css=&#8221;.vc_custom_1637232796527{margin-right: 10px !important;margin-left: 10px !important;padding-top: 0px !important;padding-right: 0px !important;padding-left: 0px !important;background-color: #f9f6f3 !important;}&#8221;][vc_single_image image=&#8221;3362&#8243; img_size=&#8221;full&#8221; alignment=&#8221;center&#8221; css=&#8221;.vc_custom_1768311651154{margin-bottom: 40px !important;}&#8221;][vc_column_text css=&#8221;.vc_custom_1768317187189{margin-right: 20px !important;margin-left: 20px !important;}&#8221;]\n<h3 style=\"text-align: center;\">Disney Frozen<\/h3>\n[\/vc_column_text][\/vc_column_inner][vc_column_inner width=&#8221;1\/3&#8243; animation_delay=&#8221;1&#8243; css=&#8221;.vc_custom_1637232803541{margin-right: 10px !important;margin-left: 10px !important;padding-top: 0px !important;padding-right: 0px !important;padding-left: 0px !important;background-color: #f9f6f3 !important;}&#8221;][vc_single_image image=&#8221;3369&#8243; img_size=&#8221;full&#8221; alignment=&#8221;center&#8221; css=&#8221;.vc_custom_1768311936430{margin-bottom: 40px !important;}&#8221;][vc_column_text css=&#8221;.vc_custom_1578756842055{margin-right: 20px !important;margin-left: 20px !important;}&#8221;]\n<h3 style=\"text-align: center;\">Star Wars<\/h3>\n[\/vc_column_text][\/vc_column_inner][vc_column_inner width=&#8221;1\/3&#8243; animation_delay=&#8221;1&#8243; css=&#8221;.vc_custom_1637232814532{margin-right: 10px !important;margin-left: 10px !important;padding-top: 0px !important;padding-right: 0px !important;padding-left: 0px !important;background-color: #f9f6f3 !important;}&#8221;][vc_single_image image=&#8221;3366&#8243; img_size=&#8221;full&#8221; alignment=&#8221;center&#8221; css=&#8221;.vc_custom_1768311757901{margin-bottom: 40px !important;}&#8221;][vc_column_text css=&#8221;.vc_custom_1768311724973{margin-right: 20px !important;margin-left: 20px !important;}&#8221;]\n<h3 style=\"text-align: center;\">Fortnite<\/h3>\n[\/vc_column_text][\/vc_column_inner][\/vc_row_inner][\/vc_column][\/vc_row][vc_row css=&#8221;.vc_custom_1576174090137{margin-right: 15px !important;margin-bottom: 40px !important;margin-left: 15px !important;}&#8221;][vc_column][vc_row_inner equal_height=&#8221;yes&#8221;][vc_column_inner width=&#8221;1\/4&#8243; animation_delay=&#8221;1&#8243; css=&#8221;.vc_custom_1580041166357{margin-right: 10px !important;margin-left: 10px !important;padding-top: 0px !important;padding-right: 0px !important;padding-left: 0px !important;background-color: #f9f6f3 !important;}&#8221;][vc_single_image image=&#8221;3373&#8243; img_size=&#8221;full&#8221; alignment=&#8221;center&#8221; css=&#8221;.vc_custom_1768312144660{margin-bottom: 40px !important;}&#8221;][vc_column_text css=&#8221;.vc_custom_1768312113534{margin-right: 20px !important;margin-left: 20px !important;}&#8221;]\n<h3 style=\"text-align: center;\">Nintendo Super Mario<\/h3>\n[\/vc_column_text][\/vc_column_inner][vc_column_inner width=&#8221;1\/4&#8243; animation_delay=&#8221;1&#8243; css=&#8221;.vc_custom_1580041172724{margin-right: 10px !important;margin-left: 10px !important;padding-top: 0px !important;padding-right: 0px !important;padding-left: 0px !important;background-color: #f9f6f3 !important;}&#8221;][vc_single_image image=&#8221;3391&#8243; img_size=&#8221;full&#8221; alignment=&#8221;center&#8221; css=&#8221;.vc_custom_1768315754320{margin-bottom: 40px !important;}&#8221;][vc_column_text css=&#8221;.vc_custom_1768317203149{margin-right: 20px !important;margin-left: 20px !important;}&#8221;]\n<div>\n<h3 style=\"text-align: center;\">Marvel Spider-Man<\/h3>\n<\/div>\n[\/vc_column_text][\/vc_column_inner][vc_column_inner width=&#8221;1\/4&#8243; animation_delay=&#8221;1&#8243; css=&#8221;.vc_custom_1768310722478{margin-right: 10px !important;margin-left: 10px !important;padding-top: 0px !important;padding-right: 0px !important;padding-left: 0px !important;background-color: #f9f6f3 !important;}&#8221;][vc_single_image image=&#8221;3377&#8243; img_size=&#8221;full&#8221; alignment=&#8221;center&#8221; css=&#8221;.vc_custom_1768312628487{margin-bottom: 40px !important;}&#8221;][vc_column_text css=&#8221;.vc_custom_1768312356441{margin-right: 20px !important;margin-left: 20px !important;}&#8221;]\n<div>\n<h3 style=\"text-align: center;\">Sony Playstation 5<\/h3>\n<\/div>\n[\/vc_column_text][\/vc_column_inner][vc_column_inner width=&#8221;1\/4&#8243; animation_delay=&#8221;1&#8243; css=&#8221;.vc_custom_1768310741976{margin-right: 10px !important;margin-left: 10px !important;padding-top: 0px !important;padding-right: 0px !important;padding-left: 0px !important;background-color: #f9f6f3 !important;}&#8221;][vc_single_image image=&#8221;3351&#8243; img_size=&#8221;full&#8221; alignment=&#8221;center&#8221; css=&#8221;.vc_custom_1768310291341{margin-bottom: 40px !important;}&#8221;][vc_column_text css=&#8221;.vc_custom_1768317214517{margin-right: 20px !important;margin-left: 20px !important;}&#8221;]\n<div>\n<h3 style=\"text-align: center;\">Netflix One Piece<\/h3>\n<\/div>\n[\/vc_column_text][\/vc_column_inner][\/vc_row_inner][\/vc_column][\/vc_row][vc_row css=&#8221;.vc_custom_1576174090137{margin-right: 15px !important;margin-bottom: 40px !important;margin-left: 15px !important;}&#8221;][vc_column][vc_row_inner equal_height=&#8221;yes&#8221;][vc_column_inner width=&#8221;1\/3&#8243; animation_delay=&#8221;1&#8243; css=&#8221;.vc_custom_1637232796527{margin-right: 10px !important;margin-left: 10px !important;padding-top: 0px !important;padding-right: 0px !important;padding-left: 0px !important;background-color: #f9f6f3 !important;}&#8221;][vc_single_image image=&#8221;3382&#8243; img_size=&#8221;full&#8221; alignment=&#8221;center&#8221; css=&#8221;.vc_custom_1768312971384{margin-bottom: 40px !important;}&#8221;][vc_column_text css=&#8221;.vc_custom_1768312936569{margin-right: 20px !important;margin-left: 20px !important;}&#8221;]\n<h3 style=\"text-align: center;\">Paw Patrol<\/h3>\n[\/vc_column_text][\/vc_column_inner][vc_column_inner width=&#8221;1\/3&#8243; animation_delay=&#8221;1&#8243; css=&#8221;.vc_custom_1637232803541{margin-right: 10px !important;margin-left: 10px !important;padding-top: 0px !important;padding-right: 0px !important;padding-left: 0px !important;background-color: #f9f6f3 !important;}&#8221;][vc_single_image image=&#8221;3384&#8243; img_size=&#8221;full&#8221; alignment=&#8221;center&#8221; css=&#8221;.vc_custom_1768313187150{margin-bottom: 40px !important;}&#8221;][vc_column_text css=&#8221;.vc_custom_1768313155636{margin-right: 20px !important;margin-left: 20px !important;}&#8221;]\n<h3 style=\"text-align: center;\">Peppa Pig<\/h3>\n[\/vc_column_text][\/vc_column_inner][vc_column_inner width=&#8221;1\/3&#8243; animation_delay=&#8221;1&#8243; css=&#8221;.vc_custom_1637232814532{margin-right: 10px !important;margin-left: 10px !important;padding-top: 0px !important;padding-right: 0px !important;padding-left: 0px !important;background-color: #f9f6f3 !important;}&#8221;][vc_single_image image=&#8221;3386&#8243; img_size=&#8221;full&#8221; alignment=&#8221;center&#8221; css=&#8221;.vc_custom_1768313803687{margin-bottom: 40px !important;}&#8221;][vc_column_text css=&#8221;.vc_custom_1768317225159{margin-right: 20px !important;margin-left: 20px !important;}&#8221;]\n<h3 style=\"text-align: center;\">Mattel Barbie<\/h3>\n[\/vc_column_text][\/vc_column_inner][\/vc_row_inner][\/vc_column][\/vc_row][vc_row css=&#8221;.vc_custom_1576174090137{margin-right: 15px !important;margin-bottom: 40px !important;margin-left: 15px !important;}&#8221;][vc_column][vc_row_inner equal_height=&#8221;yes&#8221;][vc_column_inner width=&#8221;1\/4&#8243; animation_delay=&#8221;1&#8243; css=&#8221;.vc_custom_1580041166357{margin-right: 10px !important;margin-left: 10px !important;padding-top: 0px !important;padding-right: 0px !important;padding-left: 0px !important;background-color: #f9f6f3 !important;}&#8221;][vc_single_image image=&#8221;3389&#8243; img_size=&#8221;full&#8221; alignment=&#8221;center&#8221; css=&#8221;.vc_custom_1768315695097{margin-bottom: 40px !important;}&#8221;][vc_column_text css=&#8221;.vc_custom_1768315651643{margin-right: 20px !important;margin-left: 20px !important;}&#8221;]\n<h3 style=\"text-align: center;\">The Grinch<\/h3>\n[\/vc_column_text][\/vc_column_inner][vc_column_inner width=&#8221;1\/4&#8243; animation_delay=&#8221;1&#8243; css=&#8221;.vc_custom_1768310722478{margin-right: 10px !important;margin-left: 10px !important;padding-top: 0px !important;padding-right: 0px !important;padding-left: 0px !important;background-color: #f9f6f3 !important;}&#8221;][vc_single_image image=&#8221;3393&#8243; img_size=&#8221;full&#8221; alignment=&#8221;center&#8221; css=&#8221;.vc_custom_1768315830548{margin-bottom: 40px !important;}&#8221;][vc_column_text css=&#8221;.vc_custom_1768317243194{margin-right: 20px !important;margin-left: 20px !important;}&#8221;]\n<div>\n<h3 style=\"text-align: center;\">Disney Lilo &amp; Stitch<\/h3>\n<\/div>\n[\/vc_column_text][\/vc_column_inner][vc_column_inner width=&#8221;1\/4&#8243; animation_delay=&#8221;1&#8243; css=&#8221;.vc_custom_1580041172724{margin-right: 10px !important;margin-left: 10px !important;padding-top: 0px !important;padding-right: 0px !important;padding-left: 0px !important;background-color: #f9f6f3 !important;}&#8221;][vc_single_image image=&#8221;3353&#8243; img_size=&#8221;full&#8221; alignment=&#8221;center&#8221; css=&#8221;.vc_custom_1768310273716{margin-bottom: 40px !important;}&#8221;][vc_column_text css=&#8221;.vc_custom_1768317238189{margin-right: 20px !important;margin-left: 20px !important;}&#8221;]\n<div>\n<h3 style=\"text-align: center;\">Marvel Avengers<\/h3>\n<\/div>\n[\/vc_column_text][\/vc_column_inner][vc_column_inner width=&#8221;1\/4&#8243; animation_delay=&#8221;1&#8243; css=&#8221;.vc_custom_1768310741976{margin-right: 10px !important;margin-left: 10px !important;padding-top: 0px !important;padding-right: 0px !important;padding-left: 0px !important;background-color: #f9f6f3 !important;}&#8221;][vc_single_image image=&#8221;3395&#8243; img_size=&#8221;full&#8221; alignment=&#8221;center&#8221; css=&#8221;.vc_custom_1768315894476{margin-bottom: 40px !important;}&#8221;][vc_column_text css=&#8221;.vc_custom_1768315853153{margin-right: 20px !important;margin-left: 20px !important;}&#8221;]\n<div>\n<h3 style=\"text-align: center;\">Hello Kitty<\/h3>\n<\/div>\n[\/vc_column_text][\/vc_column_inner][\/vc_row_inner][\/vc_column][\/vc_row][vc_row css_animation=&#8221;fadeInUp&#8221; wrap_container=&#8221;true&#8221; css=&#8221;.vc_custom_1498119581766{background-color: #00ace9 !important;}&#8221;][vc_column][vc_column_text css=&#8221;.vc_custom_1768317560779{margin-bottom: 0px !important;padding-top: 80px !important;padding-bottom: 80px !important;}&#8221;]\n<p style=\"text-align: center; color: #fff; font-size: 24px; font-weight: 500; margin: 0;\">\nCzy znale\u017ali Pa\u0144stwo swojego ulubionego bohatera?<br \/>\n<u><\/u>\n<\/p>\n<p>&nbsp;<\/p>\n<p style=\"text-align: center; color: #fff; font-size: 24px; font-weight: 500; margin: 0;\">\n<strong><br \/>\n<a style=\"color: #fff; font-weight: 600;\" href=\"https:\/\/www.tomik-toys.de\/pl\/kontakt\/\"><br \/>\n<u>Porozmawiajmy o supermocach!<\/u><br \/>\n<\/a><br \/>\n<\/strong>\n<\/p>\n[\/vc_column_text][\/vc_column][\/vc_row]\n<\/div>","protected":false},"excerpt":{"rendered":"<p>[vc_row wrap_container=&#8221;true&#8221; css=&#8221;.vc_custom_1576103966314{margin-top: 60px !important;}&#8221;][vc_column width=&#8221;1\/6&#8243;][\/vc_column][vc_column width=&#8221;2\/3&#8243;][vc_column_text] Licencje [\/vc_column_text][vc_column_text el_class=&#8221;introduction&#8221;]Superbohaterowie, ksi\u0119\u017cniczki oraz ulubieni bohaterowie film\u00f3w i telewizji zapewniaj\u0105 dodatkow\u0105 porcj\u0119 zabawy i motywacji na co dzie\u0144. Dzieci i m\u0142odzie\u017c szczeg\u00f3lnie mocno prze\u017cywaj\u0105 przygody swoich idoli i czerpi\u0105 rado\u015b\u0107 z licencjonowanych produkt\u00f3w \u2013 zar\u00f3wno w domu, jak i poza nim. Tomik Toys GmbH gromadzi w swoim [&hellip;]<\/p>\n","protected":false},"author":1,"featured_media":0,"parent":0,"menu_order":0,"comment_status":"closed","ping_status":"closed","template":"","meta":{"_acf_changed":false,"footnotes":""},"class_list":["post-3528","page","type-page","status-publish","hentry"],"acf":[],"_links":{"self":[{"href":"https:\/\/www.tomik-toys.de\/pl\/wp-json\/wp\/v2\/pages\/3528","targetHints":{"allow":["GET"]}}],"collection":[{"href":"https:\/\/www.tomik-toys.de\/pl\/wp-json\/wp\/v2\/pages"}],"about":[{"href":"https:\/\/www.tomik-toys.de\/pl\/wp-json\/wp\/v2\/types\/page"}],"author":[{"embeddable":true,"href":"https:\/\/www.tomik-toys.de\/pl\/wp-json\/wp\/v2\/users\/1"}],"replies":[{"embeddable":true,"href":"https:\/\/www.tomik-toys.de\/pl\/wp-json\/wp\/v2\/comments?post=3528"}],"version-history":[{"count":0,"href":"https:\/\/www.tomik-toys.de\/pl\/wp-json\/wp\/v2\/pages\/3528\/revisions"}],"wp:attachment":[{"href":"https:\/\/www.tomik-toys.de\/pl\/wp-json\/wp\/v2\/media?parent=3528"}],"curies":[{"name":"wp","href":"https:\/\/api.w.org\/{rel}","templated":true}]}}