{"id":3524,"date":"2026-01-16T13:56:35","date_gmt":"2026-01-16T12:56:35","guid":{"rendered":"https:\/\/www.tomik-toys.de\/nota-prawna\/"},"modified":"2026-01-20T13:58:21","modified_gmt":"2026-01-20T12:58:21","slug":"nota-prawna","status":"publish","type":"page","link":"https:\/\/www.tomik-toys.de\/pl\/nota-prawna\/","title":{"rendered":"Nota prawna"},"content":{"rendered":"<div class=\"wpb-content-wrapper\">[vc_row wrap_container=&#8221;true&#8221; css=&#8221;.vc_custom_1576103966314{margin-top: 60px !important;}&#8221;][vc_column width=&#8221;1\/6&#8243;][\/vc_column][vc_column width=&#8221;2\/3&#8243;][vc_column_text]\n<p style=\"text-align: center; color: #222; font-weight: 500; font-size: 35px; margin-bottom: 30px;\">Nota prawna[\/vc_column_text][\/vc_column][vc_column width=&#8221;1\/6&#8243;][\/vc_column][\/vc_row][vc_row wrap_container=&#8221;true&#8221;][vc_column width=&#8221;1\/2&#8243;][vc_column_text]<strong>Tomik Toys GmbH<br \/>\n<\/strong>Brinker Weg 1, 42555 Velbert, Niemcy<\/p>\n<p><strong>Prezes &#038; za\u0142o\u017cyciel<br \/>\n<\/strong>Michael Chrapek<\/p>\n<p><strong>Kontakt<br \/>\n<\/strong>Fon +49 2052 83739-99<br \/>\neMail: <span style=\"color: #808080;\"> <a href=\"mailto:info@tomik-toys.de\">info@tomik-toys.de<\/a><\/span>[\/vc_column_text][\/vc_column][vc_column width=&#8221;1\/2&#8243;][vc_column_text]<strong>Rejestr handlowy: S\u0105d Rejonowy w Wuppertalu, HRB 32652<\/strong><\/p>\n<p><strong>Numer identyfikacji podatkowej VAT (VAT UE) zgodnie z \u00a727a ustawy o podatku VAT<\/strong><br \/>\nDE351505634<\/p>\n<p><strong>Osoba odpowiedzialna za tre\u015b\u0107 zgodnie z \u00a76 MDStV<\/strong><br \/>\nMichael Chrapek<\/p>\n<p><strong>Rejestr zgodnie z ustaw\u0105 o sprz\u0119cie elektrycznym i elektronicznym (ElektroG)<\/strong><br \/>\nDE87251062[\/vc_column_text][\/vc_column][\/vc_row][vc_row wrap_container=&#8221;true&#8221;][vc_column][vc_column_text]<strong>Informacje prawne<\/strong><\/p>\n<p>Tomik Toys GmbH na bie\u017c\u0105co sprawdza i aktualizuje informacje zamieszczone na swoich stronach internetowych. Pomimo zachowania nale\u017cytej staranno\u015bci dane te mog\u0142y ulec zmianie. W zwi\u0105zku z tym nie ponosimy odpowiedzialno\u015bci ani nie udzielamy gwarancji co do aktualno\u015bci, prawid\u0142owo\u015bci oraz kompletno\u015bci udost\u0119pnionych informacji.<\/p>\n<p>Powy\u017csze dotyczy r\u00f3wnie\u017c wszystkich innych stron internetowych, do kt\u00f3rych prowadz\u0105 odno\u015bniki (hiper\u0142\u0105cza). Tomik Toys GmbH nie ponosi odpowiedzialno\u015bci za tre\u015bci stron internetowych dost\u0119pnych za po\u015brednictwem takich po\u0142\u0105cze\u0144.<\/p>\n<p>Ponadto Tomik Toys GmbH zastrzega sobie prawo do wprowadzania zmian lub uzupe\u0142nie\u0144 w udost\u0119pnianych informacjach. Tre\u015b\u0107 oraz struktura stron internetowych Tomik Toys GmbH s\u0105 chronione prawem autorskim. Powielanie informacji lub danych, w szczeg\u00f3lno\u015bci wykorzystywanie tekst\u00f3w, ich fragment\u00f3w lub materia\u0142\u00f3w graficznych, wymaga uprzedniej zgody Tomik Toys GmbH.[\/vc_column_text][\/vc_column][\/vc_row]\n<\/div>","protected":false},"excerpt":{"rendered":"<p>[vc_row wrap_container=&#8221;true&#8221; css=&#8221;.vc_custom_1576103966314{margin-top: 60px !important;}&#8221;][vc_column width=&#8221;1\/6&#8243;][\/vc_column][vc_column width=&#8221;2\/3&#8243;][vc_column_text] Nota prawna[\/vc_column_text][\/vc_column][vc_column width=&#8221;1\/6&#8243;][\/vc_column][\/vc_row][vc_row wrap_container=&#8221;true&#8221;][vc_column width=&#8221;1\/2&#8243;][vc_column_text]Tomik Toys GmbH Brinker Weg 1, 42555 Velbert, Niemcy Prezes &#038; za\u0142o\u017cyciel Michael Chrapek Kontakt Fon +49 2052 83739-99 eMail: info@tomik-toys.de[\/vc_column_text][\/vc_column][vc_column width=&#8221;1\/2&#8243;][vc_column_text]Rejestr handlowy: S\u0105d Rejonowy w Wuppertalu, HRB 32652 Numer identyfikacji podatkowej VAT (VAT UE) zgodnie z \u00a727a ustawy o podatku VAT DE351505634 Osoba [&hellip;]<\/p>\n","protected":false},"author":1,"featured_media":0,"parent":0,"menu_order":0,"comment_status":"closed","ping_status":"closed","template":"","meta":{"_acf_changed":false,"footnotes":""},"class_list":["post-3524","page","type-page","status-publish","hentry"],"acf":[],"_links":{"self":[{"href":"https:\/\/www.tomik-toys.de\/pl\/wp-json\/wp\/v2\/pages\/3524","targetHints":{"allow":["GET"]}}],"collection":[{"href":"https:\/\/www.tomik-toys.de\/pl\/wp-json\/wp\/v2\/pages"}],"about":[{"href":"https:\/\/www.tomik-toys.de\/pl\/wp-json\/wp\/v2\/types\/page"}],"author":[{"embeddable":true,"href":"https:\/\/www.tomik-toys.de\/pl\/wp-json\/wp\/v2\/users\/1"}],"replies":[{"embeddable":true,"href":"https:\/\/www.tomik-toys.de\/pl\/wp-json\/wp\/v2\/comments?post=3524"}],"version-history":[{"count":0,"href":"https:\/\/www.tomik-toys.de\/pl\/wp-json\/wp\/v2\/pages\/3524\/revisions"}],"wp:attachment":[{"href":"https:\/\/www.tomik-toys.de\/pl\/wp-json\/wp\/v2\/media?parent=3524"}],"curies":[{"name":"wp","href":"https:\/\/api.w.org\/{rel}","templated":true}]}}