{"id":3521,"date":"2026-01-16T13:53:09","date_gmt":"2026-01-16T12:53:09","guid":{"rendered":"https:\/\/www.tomik-toys.de\/kontakt\/"},"modified":"2026-01-20T15:14:52","modified_gmt":"2026-01-20T14:14:52","slug":"kontakt","status":"publish","type":"page","link":"https:\/\/www.tomik-toys.de\/pl\/kontakt\/","title":{"rendered":"Kontakt"},"content":{"rendered":"<div class=\"wpb-content-wrapper\">[vc_row wrap_container=&#8221;true&#8221; css=&#8221;.vc_custom_1576103966314{margin-top: 60px !important;}&#8221;][vc_column width=&#8221;1\/6&#8243;][\/vc_column][vc_column width=&#8221;2\/3&#8243;][vc_column_text css=&#8221;.vc_custom_1580154070972{margin-bottom: 35px !important;}&#8221;]\n<h2 style=\"text-align: center;\">Nawi\u0105\u017cmy rozmow\u0119!<\/h2>\n[\/vc_column_text][vc_column_text el_class=&#8221;introduction&#8221;]\u0141atwo skontaktuj\u0105 si\u0119 Pa\u0144stwo z nami telefonicznie lub e-mailem.<\/p>\n<p>Z przyjemno\u015bci\u0105 um\u00f3wimy tak\u017ce osobist\u0105 wizyt\u0119 w naszym showroomie.[\/vc_column_text][\/vc_column][vc_column width=&#8221;1\/6&#8243;][\/vc_column][\/vc_row][vc_row wrap_container=&#8221;true&#8221; css=&#8221;.vc_custom_1580040714172{margin-top: 55px !important;}&#8221;][vc_column width=&#8221;1\/3&#8243; css=&#8221;.vc_custom_1497649383161{margin-bottom: 70px !important;}&#8221;][vc_column_text css=&#8221;.vc_custom_1768222126941{margin-bottom: 48px !important;}&#8221;]\n<h4>Tomik Toys GmbH<\/h4>\n<p>&nbsp;<\/p>\n<p><span style=\"color: #808080;\"><span style=\"color: #000000;\">Telefon:<\/span> +49 2052 92099 23<\/span><br \/>\n<span style=\"color: #808080;\"><span style=\"color: #000000;\">eMail:<\/span> <a href=\"mailto:info@tomik-toys.de\">info@tomik-toys.de<\/a><\/span><\/p>\n<p>&nbsp;<\/p>\n<p><u>Adres Pocztowy:<\/u><\/p>\n<p><span style=\"color: #808080;\">Brinker Weg 1<br \/>\n42555 Velbert<br \/>\nNiemcy<\/span><\/p>\n<p>&nbsp;<\/p>\n<p><u>Showroom:<\/u><\/p>\n<p><span style=\"color: #808080;\">Am Nordkanal 21<br \/>\n47877 Willich<br \/>\nNiemcy<\/span>[\/vc_column_text][\/vc_column][vc_column width=&#8221;2\/3&#8243;][vc_column_text css=&#8221;.vc_custom_1578764941957{margin-bottom: 25px !important;}&#8221;]\n<h4 class=\"p1\"><span style=\"color: #000000; font-size: 14px; font-weight: 300;\">Prosimy kierowa\u0107 do nas e-maile z pytaniami og\u00f3lnymi lub dotycz\u0105cymi konkretnego tematu.\u201d<\/span><\/h4>\n[\/vc_column_text]\n<div class=\"wpcf7 no-js\" id=\"wpcf7-f3634-o1\" lang=\"de-DE\" dir=\"ltr\" data-wpcf7-id=\"3634\">\n<div class=\"screen-reader-response\"><p role=\"status\" aria-live=\"polite\" aria-atomic=\"true\"><\/p> <ul><\/ul><\/div>\n<form action=\"\/pl\/wp-json\/wp\/v2\/pages\/3521#wpcf7-f3634-o1\" method=\"post\" class=\"wpcf7-form init\" aria-label=\"Kontaktformular\" novalidate=\"novalidate\" data-status=\"init\">\n<fieldset class=\"hidden-fields-container\"><input type=\"hidden\" name=\"_wpcf7\" value=\"3634\" \/><input type=\"hidden\" name=\"_wpcf7_version\" value=\"6.1.4\" \/><input type=\"hidden\" name=\"_wpcf7_locale\" value=\"de_DE\" \/><input type=\"hidden\" name=\"_wpcf7_unit_tag\" value=\"wpcf7-f3634-o1\" \/><input type=\"hidden\" name=\"_wpcf7_container_post\" value=\"0\" \/><input type=\"hidden\" name=\"_wpcf7_posted_data_hash\" value=\"\" \/><input type=\"hidden\" name=\"_wpcf7_recaptcha_response\" value=\"\" \/>\n<\/fieldset>\n<div class=\"contact-left\">\n\t<p><label>Imi\u0119 i nazwisko (wymagane)<br \/>\n<span class=\"wpcf7-form-control-wrap\" data-name=\"your-name\"><input size=\"40\" maxlength=\"400\" class=\"wpcf7-form-control wpcf7-text wpcf7-validates-as-required\" aria-required=\"true\" aria-invalid=\"false\" value=\"\" type=\"text\" name=\"your-name\" \/><\/span> <\/label>\n\t<\/p>\n\t<p><label>Adres e-mail (wymagany)<br \/>\n<span class=\"wpcf7-form-control-wrap\" data-name=\"your-email\"><input size=\"40\" maxlength=\"400\" class=\"wpcf7-form-control wpcf7-email wpcf7-validates-as-required wpcf7-text wpcf7-validates-as-email\" aria-required=\"true\" aria-invalid=\"false\" value=\"\" type=\"email\" name=\"your-email\" \/><\/span> <\/label>\n\t<\/p>\n\t<p><label> Zapytanie<br \/>\n<span class=\"wpcf7-form-control-wrap\" data-name=\"departement\"><select class=\"wpcf7-form-control wpcf7-select wpcf7-validates-as-required\" aria-required=\"true\" aria-invalid=\"false\" name=\"departement\"><option value=\"Og\u00f3lne\">Og\u00f3lne<\/option><option value=\"Sprzeda\u017c\">Sprzeda\u017c<\/option><option value=\"Logistyka\">Logistyka<\/option><option value=\"Zakupy\">Zakupy<\/option><\/select><\/span><\/label>\n\t<\/p>\n<\/div>\n<div class=\"contact-right\">\n\t<p><label>Firma (wymagana)<br \/>\n<span class=\"wpcf7-form-control-wrap\" data-name=\"your-company\"><input size=\"40\" maxlength=\"400\" class=\"wpcf7-form-control wpcf7-text wpcf7-validates-as-required\" aria-required=\"true\" aria-invalid=\"false\" value=\"\" type=\"text\" name=\"your-company\" \/><\/span> <\/label>\n\t<\/p>\n\t<p><label>Numer telefonu<br \/>\n<span class=\"wpcf7-form-control-wrap\" data-name=\"your-phone\"><input size=\"40\" maxlength=\"400\" class=\"wpcf7-form-control wpcf7-tel wpcf7-text wpcf7-validates-as-tel\" aria-invalid=\"false\" value=\"\" type=\"tel\" name=\"your-phone\" \/><\/span> <\/label>\n\t<\/p>\n\t<p><label>Temat (wymagany)<br \/>\n<span class=\"wpcf7-form-control-wrap\" data-name=\"your-subject\"><input size=\"40\" maxlength=\"400\" class=\"wpcf7-form-control wpcf7-text wpcf7-validates-as-required\" aria-required=\"true\" aria-invalid=\"false\" value=\"\" type=\"text\" name=\"your-subject\" \/><\/span> <\/label>\n\t<\/p>\n<\/div>\n<div class=\"contact-textarea\">\n\t<p><label><span class=\"wpcf7-form-control-wrap\" data-name=\"your-message\"><textarea cols=\"40\" rows=\"10\" maxlength=\"2000\" class=\"wpcf7-form-control wpcf7-textarea wpcf7-validates-as-required\" aria-required=\"true\" aria-invalid=\"false\" name=\"your-message\"><\/textarea><\/span> <\/label>\n\t<\/p>\n<\/div>\n<p><input class=\"wpcf7-form-control wpcf7-submit has-spinner\" type=\"submit\" value=\"Wy\u015blij\" \/>\n<\/p><div class=\"wpcf7-response-output\" aria-hidden=\"true\"><\/div>\n<\/form>\n<\/div>\n[\/vc_column][\/vc_row][vc_row css=&#8221;.vc_custom_1578758693850{margin-top: 0px !important;margin-bottom: 0px !important;}&#8221;][vc_column css=&#8221;.vc_custom_1578758701366{margin-bottom: 0px !important;}&#8221;][vc_gmaps link=&#8221;#E-8_JTNDaWZyYW1lJTIwc3JjJTNEJTIyaHR0cHMlM0ElMkYlMkZ3d3cuZ29vZ2xlLmNvbSUyRm1hcHMlMkZlbWJlZCUzRnBiJTNEJTIxMW0xOCUyMTFtMTIlMjExbTMlMjExZDI0OTIuMTAxMzA4MDI1MTUxNCUyMTJkNy4xMjY3MzQwOTk5OTk5OTklMjEzZDUxLjM0NjA0NzclMjEybTMlMjExZjAlMjEyZjAlMjEzZjAlMjEzbTIlMjExaTEwMjQlMjEyaTc2OCUyMTRmMTMuMSUyMTNtMyUyMTFtMiUyMTFzMHgwJTI1M0EweDhjOGFlYWJlNzA2NDU1ZGMlMjEyc1RvbWlrJTI1MjBUb3lzJTI1MjBHbWJIJTIxNWUwJTIxM20yJTIxMXNkZSUyMTJzZGUlMjE0djE2NDg0NzkyNDQzMDglMjE1bTIlMjExc2RlJTIxMnNkZSUyMiUyMHdpZHRoJTNEJTIyNjAwJTIyJTIwaGVpZ2h0JTNEJTIyNDUwJTIyJTIwc3R5bGUlM0QlMjJib3JkZXIlM0EwJTNCJTIyJTIwYWxsb3dmdWxsc2NyZWVuJTNEJTIyJTIyJTIwbG9hZGluZyUzRCUyMmxhenklMjIlMjByZWZlcnJlcnBvbGljeSUzRCUyMm5vLXJlZmVycmVyLXdoZW4tZG93bmdyYWRlJTIyJTNFJTNDJTJGaWZyYW1lJTNF&#8221;][\/vc_column][\/vc_row]\n<\/div>","protected":false},"excerpt":{"rendered":"<p>[vc_row wrap_container=&#8221;true&#8221; css=&#8221;.vc_custom_1576103966314{margin-top: 60px !important;}&#8221;][vc_column width=&#8221;1\/6&#8243;][\/vc_column][vc_column width=&#8221;2\/3&#8243;][vc_column_text css=&#8221;.vc_custom_1580154070972{margin-bottom: 35px !important;}&#8221;] Nawi\u0105\u017cmy rozmow\u0119! [\/vc_column_text][vc_column_text el_class=&#8221;introduction&#8221;]\u0141atwo skontaktuj\u0105 si\u0119 Pa\u0144stwo z nami telefonicznie lub e-mailem. Z przyjemno\u015bci\u0105 um\u00f3wimy tak\u017ce osobist\u0105 wizyt\u0119 w naszym showroomie.[\/vc_column_text][\/vc_column][vc_column width=&#8221;1\/6&#8243;][\/vc_column][\/vc_row][vc_row wrap_container=&#8221;true&#8221; css=&#8221;.vc_custom_1580040714172{margin-top: 55px !important;}&#8221;][vc_column width=&#8221;1\/3&#8243; css=&#8221;.vc_custom_1497649383161{margin-bottom: 70px !important;}&#8221;][vc_column_text css=&#8221;.vc_custom_1768222126941{margin-bottom: 48px !important;}&#8221;] Tomik Toys GmbH &nbsp; Telefon: +49 2052 92099 23 eMail: info@tomik-toys.de &nbsp; [&hellip;]<\/p>\n","protected":false},"author":1,"featured_media":0,"parent":0,"menu_order":0,"comment_status":"closed","ping_status":"closed","template":"","meta":{"_acf_changed":false,"footnotes":""},"class_list":["post-3521","page","type-page","status-publish","hentry"],"acf":[],"_links":{"self":[{"href":"https:\/\/www.tomik-toys.de\/pl\/wp-json\/wp\/v2\/pages\/3521","targetHints":{"allow":["GET"]}}],"collection":[{"href":"https:\/\/www.tomik-toys.de\/pl\/wp-json\/wp\/v2\/pages"}],"about":[{"href":"https:\/\/www.tomik-toys.de\/pl\/wp-json\/wp\/v2\/types\/page"}],"author":[{"embeddable":true,"href":"https:\/\/www.tomik-toys.de\/pl\/wp-json\/wp\/v2\/users\/1"}],"replies":[{"embeddable":true,"href":"https:\/\/www.tomik-toys.de\/pl\/wp-json\/wp\/v2\/comments?post=3521"}],"version-history":[{"count":0,"href":"https:\/\/www.tomik-toys.de\/pl\/wp-json\/wp\/v2\/pages\/3521\/revisions"}],"wp:attachment":[{"href":"https:\/\/www.tomik-toys.de\/pl\/wp-json\/wp\/v2\/media?parent=3521"}],"curies":[{"name":"wp","href":"https:\/\/api.w.org\/{rel}","templated":true}]}}