{"id":3518,"date":"2026-01-16T13:47:09","date_gmt":"2026-01-16T12:47:09","guid":{"rendered":"https:\/\/www.tomik-toys.de\/home\/"},"modified":"2026-01-20T13:56:52","modified_gmt":"2026-01-20T12:56:52","slug":"home","status":"publish","type":"page","link":"https:\/\/www.tomik-toys.de\/pl\/","title":{"rendered":"Home"},"content":{"rendered":"<div class=\"wpb-content-wrapper\">[vc_row][vc_column]\n\t\t\t<!-- START Tomik Toys Polish REVOLUTION SLIDER 6.0.9 --><p class=\"rs-p-wp-fix\"><\/p>\n\t\t\t<rs-module-wrap id=\"rev_slider_11_1_wrapper\" data-source=\"gallery\" style=\"background:#E9E9E9;padding:0;margin:0px auto;margin-top:0;margin-bottom:0;\">\n\t\t\t\t<rs-module id=\"rev_slider_11_1\" style=\"display:none;\" data-version=\"6.0.9\">\n\t\t\t\t\t<rs-slides>\n\t\t\t\t\t\t<rs-slide data-key=\"rs-68\" data-title=\"Slide1\" data-thumb=\"\/\/www.tomik-toys.de\/wp-content\/uploads\/2026\/01\/paladone_banner-100x50.png\" data-link=\"pl\/marki\/#paladone\" data-target=\"_self\" data-seoz=\"front\" data-anim=\"ei:d;eo:d;s:300;r:0;t:random;sl:7;\">\n\t\t\t\t\t\t\t<img loading=\"lazy\" decoding=\"async\" src=\"\/\/www.tomik-toys.de\/wp-content\/uploads\/2026\/01\/paladone_banner.png\" title=\"paladone_banner\" width=\"2000\" height=\"677\" data-bg=\"p:center top;\" data-parallax=\"15\" data-panzoom=\"d:9000;ss:100;se:110;oe:-10\/0;\" class=\"rev-slidebg\" data-no-retina>\n<!--\n\t\t\t\t\t\t\t--><a\n\t\t\t\t\t\t\t\tid=\"slider-11-slide-68-layer-7\" \n\t\t\t\t\t\t\t\tclass=\"rs-layer\"\n\t\t\t\t\t\t\t\thref=\"https:\/\/www.tomik-toys.de\/marken\/otl-technologies\/\" target=\"_self\" rel=\"nofollow\"\n\t\t\t\t\t\t\t\tdata-type=\"text\"\n\t\t\t\t\t\t\t\tdata-rsp_ch=\"on\"\n\t\t\t\t\t\t\t\tdata-xy=\"xo:588px,499px,375px,180px;yo:159px,165px,153px,135px;\"\n\t\t\t\t\t\t\t\tdata-text=\"s:28;l:36;fw:600;\"\n\t\t\t\t\t\t\t\tdata-dim=\"w:287px,288px,294px,273px;\"\n\t\t\t\t\t\t\t\tdata-padding=\"t:5;r:5;b:5;l:5;\"\n\t\t\t\t\t\t\t\tdata-border=\"boc:rgba(0, 0, 0, 0.3);bow:2px,2px,2px,2px;bor:5px,5px,5px,5px;\"\n\t\t\t\t\t\t\t\tdata-frame_0=\"y:100%;tp:600;\"\n\t\t\t\t\t\t\t\tdata-frame_0_mask=\"u:t;y:100%;\"\n\t\t\t\t\t\t\t\tdata-frame_1=\"tp:600;e:Power2.easeInOut;st:290;sp:1500;sR:290;\"\n\t\t\t\t\t\t\t\tdata-frame_1_mask=\"u:t;\"\n\t\t\t\t\t\t\t\tdata-frame_999=\"x:-50px;o:0;tp:600;st:w;sR:5210;\"\n\t\t\t\t\t\t\t\tstyle=\"z-index:9;background-color:rgba(0,0,0,0.3);font-family:Poppins;\"\n\t\t\t\t\t\t\t>Numer 1 w\u015br\u00f3d <br>licencjonowanych <br>lamp i prezent\u00f3w. \n\t\t\t\t\t\t\t<\/a><!--\n\n\t\t\t\t\t\t\t--><a\n\t\t\t\t\t\t\t\tid=\"slider-11-slide-68-layer-20\" \n\t\t\t\t\t\t\t\tclass=\"rs-layer\"\n\t\t\t\t\t\t\t\thref=\"https:\/\/www.tomik-toys.de\/marken\/otl-technologies\/\" target=\"_self\" rel=\"nofollow\"\n\t\t\t\t\t\t\t\tdata-type=\"image\"\n\t\t\t\t\t\t\t\tdata-rsp_ch=\"on\"\n\t\t\t\t\t\t\t\tdata-xy=\"xo:475px,399px,300px,118px;yo:6px,32px,47px,41px;\"\n\t\t\t\t\t\t\t\tdata-text=\"w:normal;s:20,17,12,7;l:0,21,15,9;\"\n\t\t\t\t\t\t\t\tdata-dim=\"w:466px,407px,309px,259px;h:204px,178px,135px,113px;\"\n\t\t\t\t\t\t\t\tdata-frame_1=\"st:1000;sp:1500;sR:1000;\"\n\t\t\t\t\t\t\t\tdata-frame_999=\"o:0;st:w;sR:4500;\"\n\t\t\t\t\t\t\t\tstyle=\"z-index:5;font-family:Roboto;\"\n\t\t\t\t\t\t\t><img loading=\"lazy\" decoding=\"async\" src=\"\/\/www.tomik-toys.de\/wp-content\/uploads\/2026\/01\/paladonel_small.png\" width=\"960\" height=\"420\" data-no-retina> \n\t\t\t\t\t\t\t<\/a><!--\n-->\t\t\t\t\t\t<\/rs-slide>\n\t\t\t\t\t\t<rs-slide data-key=\"rs-67\" data-title=\"Slide1\" data-thumb=\"\/\/www.tomik-toys.de\/wp-content\/uploads\/2022\/04\/iStock-1312631134-2048x1365-1-100x50.jpg\" data-link=\"pl\/marki\/#bestway\" data-target=\"_self\" data-seoz=\"front\" data-anim=\"ei:d;eo:d;s:300;r:0;t:random;sl:7;\">\n\t\t\t\t\t\t\t<img loading=\"lazy\" decoding=\"async\" src=\"\/\/www.tomik-toys.de\/wp-content\/uploads\/2022\/04\/iStock-1312631134-2048x1365-1.jpg\" title=\"iStock-1312631134-2048&#215;1365\" width=\"2048\" height=\"1365\" data-bg=\"p:center top;\" data-parallax=\"15\" data-panzoom=\"d:9000;ss:100;se:110;oe:-10\/0;\" class=\"rev-slidebg\" data-no-retina>\n<!--\n\t\t\t\t\t\t\t--><a\n\t\t\t\t\t\t\t\tid=\"slider-11-slide-67-layer-13\" \n\t\t\t\t\t\t\t\tclass=\"rs-layer\"\n\t\t\t\t\t\t\t\thref=\"https:\/\/www.tomik-toys.de\/marken\/otl-technologies\/\" target=\"_self\" rel=\"nofollow\"\n\t\t\t\t\t\t\t\tdata-type=\"text\"\n\t\t\t\t\t\t\t\tdata-rsp_ch=\"on\"\n\t\t\t\t\t\t\t\tdata-xy=\"xo:151px,128px,60px,21px;yo:260px,256px,303px,245px;\"\n\t\t\t\t\t\t\t\tdata-text=\"s:28;l:36;fw:600;\"\n\t\t\t\t\t\t\t\tdata-dim=\"w:410px,408px,408px,409px;h:116px;\"\n\t\t\t\t\t\t\t\tdata-padding=\"t:5;r:5;b:5;l:5;\"\n\t\t\t\t\t\t\t\tdata-border=\"boc:rgba(0, 0, 0, 0.3);bow:2px,2px,2px,2px;bor:5px,5px,5px,5px;\"\n\t\t\t\t\t\t\t\tdata-frame_0=\"y:100%;tp:600;\"\n\t\t\t\t\t\t\t\tdata-frame_0_mask=\"u:t;y:100%;\"\n\t\t\t\t\t\t\t\tdata-frame_1=\"tp:600;e:Power2.easeInOut;st:290;sp:1500;sR:290;\"\n\t\t\t\t\t\t\t\tdata-frame_1_mask=\"u:t;\"\n\t\t\t\t\t\t\t\tdata-frame_999=\"x:-50px;o:0;tp:600;st:w;sR:5210;\"\n\t\t\t\t\t\t\t\tstyle=\"z-index:9;background-color:rgba(0,0,0,0.3);font-family:Poppins;\"\n\t\t\t\t\t\t\t>Baseny i idealne akcesoria:<br\/>\nBestway oferuje wszystko,<br\/>\nczego potrzebujesz na lato. \n\t\t\t\t\t\t\t<\/a><!--\n\n\t\t\t\t\t\t\t--><a\n\t\t\t\t\t\t\t\tid=\"slider-11-slide-67-layer-20\" \n\t\t\t\t\t\t\t\tclass=\"rs-layer\"\n\t\t\t\t\t\t\t\thref=\"https:\/\/www.tomik-toys.de\/marken\/otl-technologies\/\" target=\"_self\" rel=\"nofollow\"\n\t\t\t\t\t\t\t\tdata-type=\"image\"\n\t\t\t\t\t\t\t\tdata-rsp_ch=\"on\"\n\t\t\t\t\t\t\t\tdata-xy=\"xo:147px,130px,60px,21px;yo:200px,176px,220px,185px;\"\n\t\t\t\t\t\t\t\tdata-text=\"w:normal;s:20,17,12,7;l:0,21,15,9;\"\n\t\t\t\t\t\t\t\tdata-dim=\"w:191px,240px,262px,174px;h:60px,75px,82px,54px;\"\n\t\t\t\t\t\t\t\tdata-frame_1=\"st:1000;sp:1500;sR:1000;\"\n\t\t\t\t\t\t\t\tdata-frame_999=\"o:0;st:w;sR:4500;\"\n\t\t\t\t\t\t\t\tstyle=\"z-index:5;font-family:Roboto;\"\n\t\t\t\t\t\t\t><img loading=\"lazy\" decoding=\"async\" src=\"\/\/www.tomik-toys.de\/wp-content\/uploads\/2022\/03\/bestway_small-e1649096112681.png\" width=\"446\" height=\"139\" data-no-retina> \n\t\t\t\t\t\t\t<\/a><!--\n-->\t\t\t\t\t\t<\/rs-slide>\n\t\t\t\t\t\t<rs-slide data-key=\"rs-65\" data-title=\"Slide1\" data-thumb=\"\/\/www.tomik-toys.de\/wp-content\/uploads\/2026\/02\/eKids_slider-100x50.png\" data-link=\"pl\/marki\/#ekids\" data-target=\"_self\" data-seoz=\"front\" data-anim=\"ei:d;eo:d;s:300;r:0;t:random;sl:7;\">\n\t\t\t\t\t\t\t<img loading=\"lazy\" decoding=\"async\" src=\"\/\/www.tomik-toys.de\/wp-content\/uploads\/2026\/02\/eKids_slider.png\" title=\"eKids_slider\" width=\"1920\" height=\"650\" data-bg=\"p:center top;\" data-parallax=\"15\" data-panzoom=\"d:9000;ss:100;se:110;oe:-10\/0;\" class=\"rev-slidebg\" data-no-retina>\n<!--\n\t\t\t\t\t\t\t--><a\n\t\t\t\t\t\t\t\tid=\"slider-11-slide-65-layer-15\" \n\t\t\t\t\t\t\t\tclass=\"rs-layer\"\n\t\t\t\t\t\t\t\thref=\"https:\/\/www.tomik-toys.de\/marken\/otl-technologies\/\" target=\"_self\" rel=\"nofollow\"\n\t\t\t\t\t\t\t\tdata-type=\"text\"\n\t\t\t\t\t\t\t\tdata-rsp_ch=\"on\"\n\t\t\t\t\t\t\t\tdata-xy=\"xo:42px,7px,26px,16px;yo:430px,466px,476px,361px;\"\n\t\t\t\t\t\t\t\tdata-text=\"s:28;l:36;fw:600;\"\n\t\t\t\t\t\t\t\tdata-dim=\"w:422px,424px,424px,420px;h:80px,84px,79px,77px;\"\n\t\t\t\t\t\t\t\tdata-padding=\"t:5;r:5;b:5;l:5;\"\n\t\t\t\t\t\t\t\tdata-border=\"boc:rgba(0, 0, 0, 0.3);bow:2px,2px,2px,2px;bor:5px,5px,5px,5px;\"\n\t\t\t\t\t\t\t\tdata-frame_0=\"y:100%;tp:600;\"\n\t\t\t\t\t\t\t\tdata-frame_0_mask=\"u:t;y:100%;\"\n\t\t\t\t\t\t\t\tdata-frame_1=\"tp:600;e:Power2.easeInOut;st:290;sp:1500;sR:290;\"\n\t\t\t\t\t\t\t\tdata-frame_1_mask=\"u:t;\"\n\t\t\t\t\t\t\t\tdata-frame_999=\"x:-50px;o:0;tp:600;st:w;sR:5210;\"\n\t\t\t\t\t\t\t\tstyle=\"z-index:9;background-color:rgba(0,0,0,0.3);font-family:Poppins;\"\n\t\t\t\t\t\t\t>Muzyka i rozrywka dla dzieci:<br>eKids rozkr\u0119ca zabaw\u0119! \n\t\t\t\t\t\t\t<\/a><!--\n\n\t\t\t\t\t\t\t--><rs-layer\n\t\t\t\t\t\t\t\tid=\"slider-11-slide-65-layer-20\" \n\t\t\t\t\t\t\t\tdata-type=\"image\"\n\t\t\t\t\t\t\t\tdata-rsp_ch=\"on\"\n\t\t\t\t\t\t\t\tdata-xy=\"xo:37px,9px,26px,15px;yo:337px,364px,398px,294px;\"\n\t\t\t\t\t\t\t\tdata-text=\"w:normal;s:20,17,12,7;l:0,21,15,9;\"\n\t\t\t\t\t\t\t\tdata-dim=\"w:203px,236px,178px,146px;h:83px,97px,73px,60px;\"\n\t\t\t\t\t\t\t\tdata-frame_1=\"st:1000;sp:1500;sR:1000;\"\n\t\t\t\t\t\t\t\tdata-frame_999=\"o:0;st:w;sR:4500;\"\n\t\t\t\t\t\t\t\tstyle=\"z-index:8;font-family:Roboto;\"\n\t\t\t\t\t\t\t><img loading=\"lazy\" decoding=\"async\" src=\"\/\/www.tomik-toys.de\/wp-content\/uploads\/2022\/03\/ekids_small-e1649095861370.png\" width=\"338\" height=\"139\" data-no-retina> \n\t\t\t\t\t\t\t<\/rs-layer><!--\n-->\t\t\t\t\t\t<\/rs-slide>\n\t\t\t\t\t\t<rs-slide data-key=\"rs-69\" data-title=\"Slide1\" data-thumb=\"\/\/www.tomik-toys.de\/wp-content\/uploads\/2026\/01\/noble-collections_banner-100x50.png\" data-link=\"pl\/marki\/#noblecollection\" data-target=\"_self\" data-seoz=\"front\" data-anim=\"ei:d;eo:d;s:300;r:0;t:random;sl:7;\">\n\t\t\t\t\t\t\t<img loading=\"lazy\" decoding=\"async\" src=\"\/\/www.tomik-toys.de\/wp-content\/uploads\/2026\/01\/noble-collections_banner.png\" title=\"noble-collections_banner\" width=\"1400\" height=\"474\" data-bg=\"p:center top;\" data-parallax=\"15\" data-panzoom=\"d:9000;ss:100;se:110;oe:-10\/0;\" class=\"rev-slidebg\" data-no-retina>\n<!--\n\t\t\t\t\t\t\t--><a\n\t\t\t\t\t\t\t\tid=\"slider-11-slide-69-layer-14\" \n\t\t\t\t\t\t\t\tclass=\"rs-layer\"\n\t\t\t\t\t\t\t\thref=\"https:\/\/www.tomik-toys.de\/marken\/otl-technologies\/\" target=\"_self\" rel=\"nofollow\"\n\t\t\t\t\t\t\t\tdata-type=\"text\"\n\t\t\t\t\t\t\t\tdata-rsp_ch=\"on\"\n\t\t\t\t\t\t\t\tdata-xy=\"xo:195px,176px,72px,31px;yo:284px,260px,248px,217px;\"\n\t\t\t\t\t\t\t\tdata-text=\"s:28;l:36;fw:600;\"\n\t\t\t\t\t\t\t\tdata-dim=\"w:418px,423px,424px,421px;h:116px;\"\n\t\t\t\t\t\t\t\tdata-padding=\"t:5;r:5;b:5;l:5;\"\n\t\t\t\t\t\t\t\tdata-border=\"boc:rgba(0, 0, 0, 0.3);bow:2px,2px,2px,2px;bor:5px,5px,5px,5px;\"\n\t\t\t\t\t\t\t\tdata-frame_0=\"y:100%;tp:600;\"\n\t\t\t\t\t\t\t\tdata-frame_0_mask=\"u:t;y:100%;\"\n\t\t\t\t\t\t\t\tdata-frame_1=\"tp:600;e:Power2.easeInOut;st:290;sp:1500;sR:290;\"\n\t\t\t\t\t\t\t\tdata-frame_1_mask=\"u:t;\"\n\t\t\t\t\t\t\t\tdata-frame_999=\"x:-50px;o:0;tp:600;st:w;sR:5210;\"\n\t\t\t\t\t\t\t\tstyle=\"z-index:9;background-color:rgba(0,0,0,0.3);font-family:Poppins;\"\n\t\t\t\t\t\t\t>Starannie wybrane licencje<br>\npo\u0142\u0105czone z wysokiej jako\u015bci<br>\nzabawkami i pami\u0105tkami. \n\t\t\t\t\t\t\t<\/a><!--\n\n\t\t\t\t\t\t\t--><a\n\t\t\t\t\t\t\t\tid=\"slider-11-slide-69-layer-20\" \n\t\t\t\t\t\t\t\tclass=\"rs-layer\"\n\t\t\t\t\t\t\t\thref=\"https:\/\/www.tomik-toys.de\/marken\/otl-technologies\/\" target=\"_self\" rel=\"nofollow\"\n\t\t\t\t\t\t\t\tdata-type=\"image\"\n\t\t\t\t\t\t\t\tdata-rsp_ch=\"on\"\n\t\t\t\t\t\t\t\tdata-xy=\"xo:20px,24px,-71px,-63px;yo:72px,74px,66px,81px;\"\n\t\t\t\t\t\t\t\tdata-text=\"w:normal;s:20,17,12,7;l:0,21,15,9;\"\n\t\t\t\t\t\t\t\tdata-dim=\"w:703px,619px,591px,397px;h:308px,271px,259px,174px;\"\n\t\t\t\t\t\t\t\tdata-frame_1=\"st:1000;sp:1500;sR:1000;\"\n\t\t\t\t\t\t\t\tdata-frame_999=\"o:0;st:w;sR:4500;\"\n\t\t\t\t\t\t\t\tstyle=\"z-index:8;font-family:Roboto;\"\n\t\t\t\t\t\t\t><img loading=\"lazy\" decoding=\"async\" src=\"\/\/www.tomik-toys.de\/wp-content\/uploads\/2026\/01\/noble-collection_small.png\" width=\"960\" height=\"420\" data-no-retina> \n\t\t\t\t\t\t\t<\/a><!--\n-->\t\t\t\t\t\t<\/rs-slide>\n\t\t\t\t\t\t<rs-slide data-key=\"rs-64\" data-title=\"Slide1\" data-thumb=\"\/\/www.tomik-toys.de\/wp-content\/uploads\/2026\/01\/kodak_banner-100x50.png\" data-link=\"pl\/marki\/#kodak\" data-target=\"_self\" data-seoz=\"front\" data-anim=\"ei:d;eo:d;s:300;r:0;t:random;sl:7;\">\n\t\t\t\t\t\t\t<img loading=\"lazy\" decoding=\"async\" src=\"\/\/www.tomik-toys.de\/wp-content\/uploads\/2026\/01\/kodak_banner.png\" title=\"kodak_banner\" width=\"1920\" height=\"650\" data-bg=\"p:center top;\" data-parallax=\"15\" data-panzoom=\"d:9000;ss:100;se:110;oe:-10\/0;\" class=\"rev-slidebg\" data-no-retina>\n<!--\n\t\t\t\t\t\t\t--><a\n\t\t\t\t\t\t\t\tid=\"slider-11-slide-64-layer-17\" \n\t\t\t\t\t\t\t\tclass=\"rs-layer\"\n\t\t\t\t\t\t\t\thref=\"https:\/\/www.tomik-toys.de\/marken\/otl-technologies\/\" target=\"_self\" rel=\"nofollow\"\n\t\t\t\t\t\t\t\tdata-type=\"text\"\n\t\t\t\t\t\t\t\tdata-rsp_ch=\"on\"\n\t\t\t\t\t\t\t\tdata-xy=\"xo:714px,539px,301px,16px;yo:124px,109px,105px,81px;\"\n\t\t\t\t\t\t\t\tdata-text=\"s:28;l:36;fw:600;\"\n\t\t\t\t\t\t\t\tdata-dim=\"w:447px,449px,447px,448px;h:116px;\"\n\t\t\t\t\t\t\t\tdata-padding=\"t:5;r:5;b:5;l:5;\"\n\t\t\t\t\t\t\t\tdata-border=\"boc:rgba(0, 0, 0, 0.3);bow:2px,2px,2px,2px;bor:5px,5px,5px,5px;\"\n\t\t\t\t\t\t\t\tdata-frame_0=\"y:100%;tp:600;\"\n\t\t\t\t\t\t\t\tdata-frame_0_mask=\"u:t;y:100%;\"\n\t\t\t\t\t\t\t\tdata-frame_1=\"tp:600;e:Power2.easeInOut;st:290;sp:1500;sR:290;\"\n\t\t\t\t\t\t\t\tdata-frame_1_mask=\"u:t;\"\n\t\t\t\t\t\t\t\tdata-frame_999=\"x:-50px;o:0;tp:600;st:w;sR:5210;\"\n\t\t\t\t\t\t\t\tstyle=\"z-index:9;background-color:rgba(0,0,0,0.3);font-family:Poppins;\"\n\t\t\t\t\t\t\t>Od ponad stu lat:<br>\nKODAK to renomowana marka<br>\nw bran\u017cy fotograficznej \n\t\t\t\t\t\t\t<\/a><!--\n\n\t\t\t\t\t\t\t--><rs-layer\n\t\t\t\t\t\t\t\tid=\"slider-11-slide-64-layer-20\" \n\t\t\t\t\t\t\t\tdata-type=\"image\"\n\t\t\t\t\t\t\t\tdata-rsp_ch=\"on\"\n\t\t\t\t\t\t\t\tdata-xy=\"xo:711px,539px,296px,15px;yo:16px,7px,20px,16px;\"\n\t\t\t\t\t\t\t\tdata-text=\"w:normal;s:20,17,12,7;l:0,21,15,9;\"\n\t\t\t\t\t\t\t\tdata-dim=\"w:254px,236px,185px,142px;h:105px,98px,76px,59px;\"\n\t\t\t\t\t\t\t\tdata-frame_1=\"st:990;sp:1500;sR:990;\"\n\t\t\t\t\t\t\t\tdata-frame_999=\"o:0;st:w;sR:4510;\"\n\t\t\t\t\t\t\t\tstyle=\"z-index:8;font-family:Roboto;\"\n\t\t\t\t\t\t\t><img loading=\"lazy\" decoding=\"async\" src=\"\/\/www.tomik-toys.de\/wp-content\/uploads\/2020\/04\/OnlineShop_Banner_Kodak-2.png\" width=\"1800\" height=\"744\" data-no-retina> \n\t\t\t\t\t\t\t<\/rs-layer><!--\n-->\t\t\t\t\t\t<\/rs-slide>\n\t\t\t\t\t\t<rs-slide data-key=\"rs-66\" data-title=\"Slide1\" data-thumb=\"\/\/www.tomik-toys.de\/wp-content\/uploads\/2021\/11\/otl_visual-100x50.png\" data-link=\"pl\/marki\/#otl\" data-target=\"_self\" data-seoz=\"front\" data-anim=\"ei:d;eo:d;s:300;r:0;t:random;sl:7;\">\n\t\t\t\t\t\t\t<img loading=\"lazy\" decoding=\"async\" src=\"\/\/www.tomik-toys.de\/wp-content\/uploads\/2021\/11\/otl_visual.png\" title=\"otl_visual\" width=\"1200\" height=\"800\" data-bg=\"p:center top;\" data-parallax=\"15\" data-panzoom=\"d:9000;ss:100;se:110;oe:-10\/0;\" class=\"rev-slidebg\" data-no-retina>\n<!--\n\t\t\t\t\t\t\t--><a\n\t\t\t\t\t\t\t\tid=\"slider-11-slide-66-layer-16\" \n\t\t\t\t\t\t\t\tclass=\"rs-layer\"\n\t\t\t\t\t\t\t\thref=\"https:\/\/www.tomik-toys.de\/marken\/otl-technologies\/\" target=\"_self\" rel=\"nofollow\"\n\t\t\t\t\t\t\t\tdata-type=\"text\"\n\t\t\t\t\t\t\t\tdata-rsp_ch=\"on\"\n\t\t\t\t\t\t\t\tdata-xy=\"xo:234px,122px,95px,9px;yo:210px,264px,262px,199px;\"\n\t\t\t\t\t\t\t\tdata-text=\"s:28;l:36;fw:600;\"\n\t\t\t\t\t\t\t\tdata-dim=\"w:474px,474px,474px,463px;h:116px;\"\n\t\t\t\t\t\t\t\tdata-padding=\"t:5;r:5;b:5;l:5;\"\n\t\t\t\t\t\t\t\tdata-border=\"boc:rgba(0, 0, 0, 0.3);bow:2px,2px,2px,2px;bor:5px,5px,5px,5px;\"\n\t\t\t\t\t\t\t\tdata-frame_0=\"y:100%;tp:600;\"\n\t\t\t\t\t\t\t\tdata-frame_0_mask=\"u:t;y:100%;\"\n\t\t\t\t\t\t\t\tdata-frame_1=\"tp:600;e:Power2.easeInOut;st:290;sp:1500;sR:290;\"\n\t\t\t\t\t\t\t\tdata-frame_1_mask=\"u:t;\"\n\t\t\t\t\t\t\t\tdata-frame_999=\"x:-50px;o:0;tp:600;st:w;sR:5210;\"\n\t\t\t\t\t\t\t\tstyle=\"z-index:9;background-color:rgba(0,0,0,0.3);font-family:Poppins;\"\n\t\t\t\t\t\t\t>Ciesz si\u0119 muzyk\u0105 w podr\u00f3\u017cy:<br>\nOTL oferuje najlepsze licencje<br>\nna s\u0142uchawki i douszne wk\u0142adki. \n\t\t\t\t\t\t\t<\/a><!--\n\n\t\t\t\t\t\t\t--><a\n\t\t\t\t\t\t\t\tid=\"slider-11-slide-66-layer-20\" \n\t\t\t\t\t\t\t\tclass=\"rs-layer\"\n\t\t\t\t\t\t\t\thref=\"https:\/\/www.tomik-toys.de\/marken\/otl-technologies\/\" target=\"_self\" rel=\"nofollow\"\n\t\t\t\t\t\t\t\tdata-type=\"image\"\n\t\t\t\t\t\t\t\tdata-rsp_ch=\"on\"\n\t\t\t\t\t\t\t\tdata-xy=\"xo:100px,-4px,-13px,-53px;yo:38px,108px,116px,94px;\"\n\t\t\t\t\t\t\t\tdata-text=\"w:normal;s:20,17,12,7;l:0,21,15,9;\"\n\t\t\t\t\t\t\t\tdata-dim=\"w:456px,431px,378px,283px;h:200px,189px,165px,124px;\"\n\t\t\t\t\t\t\t\tdata-frame_1=\"st:1000;sp:1500;sR:1000;\"\n\t\t\t\t\t\t\t\tdata-frame_999=\"o:0;st:w;sR:4500;\"\n\t\t\t\t\t\t\t\tstyle=\"z-index:8;font-family:Roboto;\"\n\t\t\t\t\t\t\t><img loading=\"lazy\" decoding=\"async\" src=\"\/\/www.tomik-toys.de\/wp-content\/uploads\/2021\/11\/otl_small.png\" width=\"960\" height=\"420\" data-no-retina> \n\t\t\t\t\t\t\t<\/a><!--\n-->\t\t\t\t\t\t<\/rs-slide>\n\t\t\t\t\t\t<rs-slide data-key=\"rs-70\" data-title=\"Slide1\" data-thumb=\"\/\/www.tomik-toys.de\/wp-content\/uploads\/2026\/01\/fizz-creations_banner-100x50.png\" data-link=\"pl\/marki\/#fizzcreations\" data-target=\"_self\" data-seoz=\"front\" data-anim=\"ei:d;eo:d;s:300;r:0;t:random;sl:7;\">\n\t\t\t\t\t\t\t<img loading=\"lazy\" decoding=\"async\" src=\"\/\/www.tomik-toys.de\/wp-content\/uploads\/2026\/01\/fizz-creations_banner.png\" title=\"fizz-creations_banner\" width=\"1920\" height=\"650\" data-bg=\"p:center top;\" data-parallax=\"15\" data-panzoom=\"d:9000;ss:100;se:110;oe:-10\/0;\" class=\"rev-slidebg\" data-no-retina>\n<!--\n\t\t\t\t\t\t\t--><a\n\t\t\t\t\t\t\t\tid=\"slider-11-slide-70-layer-16\" \n\t\t\t\t\t\t\t\tclass=\"rs-layer\"\n\t\t\t\t\t\t\t\thref=\"https:\/\/www.tomik-toys.de\/marken\/otl-technologies\/\" target=\"_self\" rel=\"nofollow\"\n\t\t\t\t\t\t\t\tdata-type=\"text\"\n\t\t\t\t\t\t\t\tdata-rsp_ch=\"on\"\n\t\t\t\t\t\t\t\tdata-xy=\"xo:667px,568px,269px,9px;yo:217px,358px,305px,335px;\"\n\t\t\t\t\t\t\t\tdata-text=\"s:28;l:36;fw:600;\"\n\t\t\t\t\t\t\t\tdata-dim=\"w:441px,434px,439px,440px;h:116px;\"\n\t\t\t\t\t\t\t\tdata-padding=\"t:5;r:5;b:5;l:5;\"\n\t\t\t\t\t\t\t\tdata-border=\"boc:rgba(0, 0, 0, 0.3);bow:2px,2px,2px,2px;bor:5px,5px,5px,5px;\"\n\t\t\t\t\t\t\t\tdata-frame_0=\"y:100%;tp:600;\"\n\t\t\t\t\t\t\t\tdata-frame_0_mask=\"u:t;y:100%;\"\n\t\t\t\t\t\t\t\tdata-frame_1=\"tp:600;e:Power2.easeInOut;st:290;sp:1500;sR:290;\"\n\t\t\t\t\t\t\t\tdata-frame_1_mask=\"u:t;\"\n\t\t\t\t\t\t\t\tdata-frame_999=\"x:-50px;o:0;tp:600;st:w;sR:5210;\"\n\t\t\t\t\t\t\t\tstyle=\"z-index:9;background-color:rgba(0,0,0,0.3);font-family:Poppins;\"\n\t\t\t\t\t\t\t>Retro spotyka nowoczesno\u015b\u0107:<br>\nFizz Creations oferuje<br>\nstylowe pomys\u0142y na prezenty. \n\t\t\t\t\t\t\t<\/a><!--\n\n\t\t\t\t\t\t\t--><a\n\t\t\t\t\t\t\t\tid=\"slider-11-slide-70-layer-20\" \n\t\t\t\t\t\t\t\tclass=\"rs-layer\"\n\t\t\t\t\t\t\t\thref=\"https:\/\/www.tomik-toys.de\/marken\/otl-technologies\/\" target=\"_self\" rel=\"nofollow\"\n\t\t\t\t\t\t\t\tdata-type=\"image\"\n\t\t\t\t\t\t\t\tdata-rsp_ch=\"on\"\n\t\t\t\t\t\t\t\tdata-xy=\"xo:759px,661px,472px,205px;yo:275px,422px,388px,413px;\"\n\t\t\t\t\t\t\t\tdata-text=\"w:normal;s:20,17,12,7;l:0,21,15,9;\"\n\t\t\t\t\t\t\t\tdata-dim=\"w:551px,525px,392px,404px;h:241px,230px,172px,177px;\"\n\t\t\t\t\t\t\t\tdata-frame_1=\"st:1000;sp:1500;sR:1000;\"\n\t\t\t\t\t\t\t\tdata-frame_999=\"o:0;st:w;sR:4500;\"\n\t\t\t\t\t\t\t\tstyle=\"z-index:8;font-family:Roboto;\"\n\t\t\t\t\t\t\t><img loading=\"lazy\" decoding=\"async\" src=\"\/\/www.tomik-toys.de\/wp-content\/uploads\/2026\/01\/fizzcreations-small.png\" width=\"960\" height=\"420\" data-no-retina> \n\t\t\t\t\t\t\t<\/a><!--\n-->\t\t\t\t\t\t<\/rs-slide>\n\t\t\t\t\t<\/rs-slides>\n\t\t\t\t\t<rs-static-layers><!--\n\t\t\t\t\t--><\/rs-static-layers>\n\t\t\t\t\t<rs-progress class=\"rs-bottom\" style=\"visibility: hidden !important;\"><\/rs-progress>\n\t\t\t\t<\/rs-module>\n\t\t\t\t<script type=\"text\/javascript\">\n\t\t\t\t\tsetREVStartSize({c: 'rev_slider_11_1',rl:[1240,1024,778,480],el:[550,768,960,720],gw:[1170,1024,778,480],gh:[550,768,960,720],layout:'fullwidth',mh:\"650\"});\n\t\t\t\t\tvar\trevapi11,\n\t\t\t\t\t\ttpj;\n\t\t\t\t\tjQuery(function() {\n\t\t\t\t\t\ttpj = jQuery;\n\t\t\t\t\t\ttpj.noConflict();\n\t\t\t\t\t\tif(tpj(\"#rev_slider_11_1\").revolution == undefined){\n\t\t\t\t\t\t\trevslider_showDoubleJqueryError(\"#rev_slider_11_1\");\n\t\t\t\t\t\t}else{\n\t\t\t\t\t\t\trevapi11 = tpj(\"#rev_slider_11_1\").show().revolution({\n\t\t\t\t\t\t\t\tjsFileLocation:\"\/\/www.tomik-toys.de\/wp-content\/plugins\/revslider\/public\/assets\/js\/\",\n\t\t\t\t\t\t\t\tsliderLayout:\"fullwidth\",\n\t\t\t\t\t\t\t\tduration:7000,\n\t\t\t\t\t\t\t\tvisibilityLevels:\"1240,1024,778,480\",\n\t\t\t\t\t\t\t\tgridwidth:\"1170,1024,778,480\",\n\t\t\t\t\t\t\t\tgridheight:\"550,768,960,720\",\n\t\t\t\t\t\t\t\tminHeight:650,\n\t\t\t\t\t\t\t\tspinner:\"spinner3\",\n\t\t\t\t\t\t\t\teditorheight:\"550,768,960,720\",\n\t\t\t\t\t\t\t\tresponsiveLevels:\"1240,1024,778,480\",\n\t\t\t\t\t\t\t\tdisableProgressBar:\"on\",\n\t\t\t\t\t\t\t\tnavigation: {\n\t\t\t\t\t\t\t\t\tmouseScrollNavigation:false,\n\t\t\t\t\t\t\t\t\tonHoverStop:false,\n\t\t\t\t\t\t\t\t\ttouch: {\n\t\t\t\t\t\t\t\t\t\ttouchenabled:true\n\t\t\t\t\t\t\t\t\t},\n\t\t\t\t\t\t\t\t\tarrows: {\n\t\t\t\t\t\t\t\t\t\tenable:true,\n\t\t\t\t\t\t\t\t\t\tstyle:\"hephaistos\",\n\t\t\t\t\t\t\t\t\t\trtl:true,\n\t\t\t\t\t\t\t\t\t\tleft: {\n\n\t\t\t\t\t\t\t\t\t\t},\n\t\t\t\t\t\t\t\t\t\tright: {\n\n\t\t\t\t\t\t\t\t\t\t}\n\t\t\t\t\t\t\t\t\t}\n\t\t\t\t\t\t\t\t},\n\t\t\t\t\t\t\t\tparallax: {\n\t\t\t\t\t\t\t\t\tlevels:[5,10,15,20,25,30,35,40,45,50,47,48,49,50,51,55],\n\t\t\t\t\t\t\t\t\ttype:\"mouse\",\n\t\t\t\t\t\t\t\t\tdisable_onmobile:true\n\t\t\t\t\t\t\t\t},\n\t\t\t\t\t\t\t\tfallbacks: {\n\t\t\t\t\t\t\t\t\tallowHTML5AutoPlayOnAndroid:true\n\t\t\t\t\t\t\t\t},\n\t\t\t\t\t\t\t});\n\t\t\t\t\t\t}\n\t\t\t\t\t\t\n\t\t\t\t\t});\n\t\t\t\t<\/script>\n\t\t\t\t<script>\n\t\t\t\t\tvar htmlDivCss = '\t#rev_slider_11_1_wrapper rs-loader.spinner3 div { background-color: #FFFFFF !important; } ';\n\t\t\t\t\tvar htmlDiv = document.getElementById('rs-plugin-settings-inline-css');\n\t\t\t\t\tif(htmlDiv) {\n\t\t\t\t\t\thtmlDiv.innerHTML = htmlDiv.innerHTML + htmlDivCss;\n\t\t\t\t\t}else{\n\t\t\t\t\t\tvar htmlDiv = document.createElement('div');\n\t\t\t\t\t\thtmlDiv.innerHTML = '<style>' + htmlDivCss + '<\/style>';\n\t\t\t\t\t\tdocument.getElementsByTagName('head')[0].appendChild(htmlDiv.childNodes[0]);\n\t\t\t\t\t}\n\t\t\t\t<\/script>\n\t\t\t\t<script>\n\t\t\t\t\tvar htmlDivCss = unescape(\"%23rev_slider_11_1_wrapper%20.hephaistos.tparrows%20%7B%0A%09cursor%3Apointer%3B%0A%09background%3Argba%280%2C0%2C0%2C0.5%29%3B%0A%09width%3A40px%3B%0A%09height%3A40px%3B%0A%09position%3Aabsolute%3B%0A%09display%3Ablock%3B%0A%09z-index%3A1000%3B%0A%20%20%20%20border-radius%3A50%25%3B%0A%7D%0A%23rev_slider_11_1_wrapper%20.hephaistos.tparrows%3Ahover%20%7B%0A%09background%3A%23000000%3B%0A%7D%0A%23rev_slider_11_1_wrapper%20.hephaistos.tparrows%3Abefore%20%7B%0A%09font-family%3A%20%27revicons%27%3B%0A%09font-size%3A18px%3B%0A%09color%3A%23ffffff%3B%0A%09display%3Ablock%3B%0A%09line-height%3A%2040px%3B%0A%09text-align%3A%20center%3B%0A%7D%0A%23rev_slider_11_1_wrapper%20.hephaistos.tparrows.tp-leftarrow%3Abefore%20%7B%0A%09content%3A%20%27%5Ce82c%27%3B%0A%20%20%20%20margin-left%3A-2px%3B%0A%20%20%0A%7D%0A%23rev_slider_11_1_wrapper%20.hephaistos.tparrows.tp-rightarrow%3Abefore%20%7B%0A%09content%3A%20%27%5Ce82d%27%3B%0A%20%20%20%20margin-right%3A-2px%3B%0A%7D%0A%0A%0A\");\n\t\t\t\t\tvar htmlDiv = document.getElementById('rs-plugin-settings-inline-css');\n\t\t\t\t\tif(htmlDiv) {\n\t\t\t\t\t\thtmlDiv.innerHTML = htmlDiv.innerHTML + htmlDivCss;\n\t\t\t\t\t}else{\n\t\t\t\t\t\tvar htmlDiv = document.createElement('div');\n\t\t\t\t\t\thtmlDiv.innerHTML = '<style>' + htmlDivCss + '<\/style>';\n\t\t\t\t\t\tdocument.getElementsByTagName('head')[0].appendChild(htmlDiv.childNodes[0]);\n\t\t\t\t\t}\n\t\t\t\t<\/script>\n\t\t\t<\/rs-module-wrap>\n\t\t\t<!-- END REVOLUTION SLIDER -->\n[\/vc_column][\/vc_row]\n<\/div>","protected":false},"excerpt":{"rendered":"<p>[vc_row][vc_column][\/vc_column][\/vc_row]<\/p>\n","protected":false},"author":1,"featured_media":0,"parent":0,"menu_order":0,"comment_status":"closed","ping_status":"closed","template":"","meta":{"_acf_changed":false,"footnotes":""},"class_list":["post-3518","page","type-page","status-publish","hentry"],"acf":[],"_links":{"self":[{"href":"https:\/\/www.tomik-toys.de\/pl\/wp-json\/wp\/v2\/pages\/3518","targetHints":{"allow":["GET"]}}],"collection":[{"href":"https:\/\/www.tomik-toys.de\/pl\/wp-json\/wp\/v2\/pages"}],"about":[{"href":"https:\/\/www.tomik-toys.de\/pl\/wp-json\/wp\/v2\/types\/page"}],"author":[{"embeddable":true,"href":"https:\/\/www.tomik-toys.de\/pl\/wp-json\/wp\/v2\/users\/1"}],"replies":[{"embeddable":true,"href":"https:\/\/www.tomik-toys.de\/pl\/wp-json\/wp\/v2\/comments?post=3518"}],"version-history":[{"count":0,"href":"https:\/\/www.tomik-toys.de\/pl\/wp-json\/wp\/v2\/pages\/3518\/revisions"}],"wp:attachment":[{"href":"https:\/\/www.tomik-toys.de\/pl\/wp-json\/wp\/v2\/media?parent=3518"}],"curies":[{"name":"wp","href":"https:\/\/api.w.org\/{rel}","templated":true}]}}